{"id":2692,"date":"2019-06-17T09:21:22","date_gmt":"2019-06-17T06:21:22","guid":{"rendered":"http:\/\/davas.site\/tuukkalantila\/?page_id=2692"},"modified":"2024-04-25T16:16:17","modified_gmt":"2024-04-25T13:16:17","slug":"kontakt","status":"publish","type":"page","link":"https:\/\/tuukkalantila.com\/de\/kontakt\/","title":{"rendered":"Kontakt"},"content":{"rendered":"<h1>Kontakt<\/h1>\n<p><img decoding=\"async\" src=\"http:\/\/tuukkalantila.com\/wp-content\/uploads\/2019\/06\/Leena-and-Esko.jpeg\" alt=\"Leena ja Esko Valkonen\"><\/p>\n<div>\n<p><em><strong>Esko und Leena Valkonen<\/strong><\/em><br \/>M\u00e4ntyharjuntie 61<br \/>52300 Ristiina<br \/>FINNLAND<\/p>\n<p><a href=\"mailto:info@tuukkalantila.com\">info@tuukkalantila.com<\/a><br \/><a href=\"tel:+358505278814\">+358 50 527 8814<\/a>, Esko<br \/><a href=\"tel:+358456349299\">+358 45 634 9299<\/a>, Leena<\/p>\n<p>Sie k\u00f6nnen uns auch mit \u00f6ffentlichen Verkehrsmitteln erreichen: nach Mikkeli mit dem Zug, von Mikkeli mit dem Bus nach Ristiina.<\/p>\n<p>F\u00fcr diejenigen, die mit dem Fahrrad anreisen, gibt es einen Fahrradkeller.<\/p>\n<p>Autofahrer k\u00f6nnen direkt neben der Unterkunft parken.<\/p>\n<\/div>\n<div><div class=\"wpforms-container wpforms-container-full\" id=\"wpforms-2691\"><form id=\"wpforms-form-2691\" class=\"wpforms-validate wpforms-form\" data-formid=\"2691\" method=\"post\" enctype=\"multipart\/form-data\" action=\"\/de\/wp-json\/wp\/v2\/pages\/2692\" data-token=\"d27e60704d499046ff6bbb34f6d3d42d\" data-token-time=\"1776290721\"><noscript class=\"wpforms-error-noscript\">Bitte aktiviere JavaScript in deinem Browser, um dieses Formular fertigzustellen.<\/noscript><div class=\"wpforms-field-container\"><div id=\"wpforms-2691-field_0-container\" class=\"wpforms-field wpforms-field-name wpforms-one-half wpforms-first\" data-field-id=\"0\"><label class=\"wpforms-field-label\" for=\"wpforms-2691-field_0\">Name <span class=\"wpforms-required-label\">*<\/span><\/label><input type=\"text\" id=\"wpforms-2691-field_0\" class=\"wpforms-field-large wpforms-field-required\" name=\"wpforms[fields][0]\" required><\/div><div id=\"wpforms-2691-field_1-container\" class=\"wpforms-field wpforms-field-email wpforms-one-half\" data-field-id=\"1\"><label class=\"wpforms-field-label\" for=\"wpforms-2691-field_1\">Email <span class=\"wpforms-required-label\">*<\/span><\/label><input type=\"email\" id=\"wpforms-2691-field_1\" class=\"wpforms-field-large wpforms-field-required\" data-disable-suggestions=\"1\" name=\"wpforms[fields][1]\" spellcheck=\"false\" required><\/div><div id=\"wpforms-2691-field_3-container\" class=\"wpforms-field wpforms-field-text wpforms-one-half wpforms-first\" data-field-id=\"3\"><label class=\"wpforms-field-label\" for=\"wpforms-2691-field_3\">Adresse (Stra\u00dfe und Stadt)<\/label><input type=\"text\" id=\"wpforms-2691-field_3\" class=\"wpforms-field-large\" name=\"wpforms[fields][3]\" ><\/div><div id=\"wpforms-2691-field_5-container\" class=\"wpforms-field wpforms-field-text wpforms-one-half\" data-field-id=\"5\"><label class=\"wpforms-field-label\" for=\"wpforms-2691-field_5\">Land<\/label><input type=\"text\" id=\"wpforms-2691-field_5\" class=\"wpforms-field-large\" name=\"wpforms[fields][5]\" ><\/div><div id=\"wpforms-2691-field_4-container\" class=\"wpforms-field wpforms-field-text\" data-field-id=\"4\"><label class=\"wpforms-field-label\" for=\"wpforms-2691-field_4\">Telefon <span class=\"wpforms-required-label\">*<\/span><\/label><input type=\"text\" id=\"wpforms-2691-field_4\" class=\"wpforms-field-large wpforms-field-required\" name=\"wpforms[fields][4]\" required><\/div><div id=\"wpforms-2691-field_2-container\" class=\"wpforms-field wpforms-field-textarea\" data-field-id=\"2\"><label class=\"wpforms-field-label\" for=\"wpforms-2691-field_2\">Nachricht <span class=\"wpforms-required-label\">*<\/span><\/label><textarea id=\"wpforms-2691-field_2\" class=\"wpforms-field-medium wpforms-field-required\" name=\"wpforms[fields][2]\" required><\/textarea><\/div><\/div><!-- .wpforms-field-container --><div class=\"wpforms-field wpforms-field-hp\"><label for=\"wpforms-2691-field-hp\" class=\"wpforms-field-label\">Phone<\/label><input type=\"text\" name=\"wpforms[hp]\" id=\"wpforms-2691-field-hp\" class=\"wpforms-field-medium\"><\/div><div class=\"wpforms-recaptcha-container wpforms-is-recaptcha wpforms-is-recaptcha-type-invisible\" ><div class=\"g-recaptcha\" data-sitekey=\"6LfEfr4UAAAAABHLID4SM1D7W3FvHUKXG5QJ_3Oc\" data-size=\"invisible\"><\/div><\/div><div class=\"wpforms-submit-container\" ><input type=\"hidden\" name=\"wpforms[id]\" value=\"2691\"><input type=\"hidden\" name=\"page_title\" value=\"\"><input type=\"hidden\" name=\"page_url\" value=\"https:\/\/tuukkalantila.com\/de\/wp-json\/wp\/v2\/pages\/2692\"><input type=\"hidden\" name=\"url_referer\" value=\"\"><button type=\"submit\" name=\"wpforms[submit]\" id=\"wpforms-submit-2691\" class=\"wpforms-submit\" data-alt-text=\"Senden...\" data-submit-text=\"Senden\" aria-live=\"assertive\" value=\"wpforms-submit\">Senden<\/button><\/div><\/form><\/div>  <!-- .wpforms-container -->\t<\/div>\n<div>\n<p><strong>Entfernungen<\/strong><br \/>Ristiina 3 km<br \/>Mikkeli 25 km<br \/>Lappeenranta 90 km<br \/>Kouvola 90 km<br \/>Helsinki 230 km<\/p>\n<p><strong>N\u00e4chste Grenz\u00fcberg\u00e4nge<\/strong><br \/>Vaalimaa 130 km<br \/>Nuijamaa 115 km<br \/>Vainikkala 115 km<\/p>\n<\/div>\n<div><iframe src=\"https:\/\/www.google.com\/maps\/embed?pb=!1m18!1m12!1m3!1d69699.60098015267!2d27.137250710761577!3d61.502835591633804!2m3!1f0!2f0!3f0!3m2!1i1024!2i768!4f13.1!3m3!1m2!1s0x4690737147557d79%3A0x116267b7505fd37d!2sTuukkalan%20Tila%20B%26B!5e0!3m2!1sfi!2sfi!4v1570428715851!5m2!1sfi!2sfi\" width=\"100%\" height=\"450\" frameborder=\"0\" style=\"border:0;\" allowfullscreen=\"\"><\/iframe><\/div>\n<p><!--more--><br \/>\n<!-- {\"type\":\"layout\",\"children\":[{\"type\":\"section\",\"props\":{\"image_position\":\"center-center\",\"style\":\"default\",\"title_breakpoint\":\"xl\",\"title_position\":\"top-left\",\"title_rotation\":\"left\",\"vertical_align\":\"middle\",\"width\":\"large\"},\"children\":[{\"type\":\"row\",\"children\":[{\"type\":\"column\",\"props\":{\"image_position\":\"center-center\",\"position_sticky_breakpoint\":\"m\",\"width_medium\":\"1-1\"},\"children\":[{\"type\":\"headline\",\"props\":{\"content\":\"Kontakt\",\"title_element\":\"h1\",\"title_style\":\"heading-small\"}}]}]},{\"type\":\"row\",\"props\":{\"layout\":\"1-3,2-3\"},\"children\":[{\"type\":\"column\",\"props\":{\"image_position\":\"center-center\",\"position_sticky_breakpoint\":\"m\",\"width_medium\":\"1-3\"},\"children\":[{\"type\":\"image\",\"props\":{\"image\":\"http:\\\/\\\/tuukkalantila.com\\\/wp-content\\\/uploads\\\/2019\\\/06\\\/Leena-and-Esko.jpeg\",\"image_alt\":\"Leena ja Esko Valkonen\",\"image_svg_color\":\"emphasis\",\"margin\":\"default\"}},{\"type\":\"text\",\"props\":{\"column_breakpoint\":\"m\",\"content\":\"\n\n<p><em><strong>Esko und Leena Valkonen<\\\/strong><\\\/em><br \\\/>M\\u00e4ntyharjuntie 61<br \\\/>52300 Ristiina<br \\\/>FINNLAND<\\\/p>\\n\n\n<p><a href=\\\"mailto:info@tuukkalantila.com\\\">info@tuukkalantila.com<\\\/a><br \\\/><a href=\\\"tel:+358505278814\\\">+358 50 527 8814<\\\/a>, Esko<br \\\/><a href=\\\"tel:+358456349299\\\">+358 45 634 9299<\\\/a>, Leena<\\\/p>\\n\n\n<p>Sie k\\u00f6nnen uns auch mit \\u00f6ffentlichen Verkehrsmitteln erreichen: nach Mikkeli mit dem Zug, von Mikkeli mit dem Bus nach Ristiina.<\\\/p>\\n\n\n<p>F\\u00fcr diejenigen, die mit dem Fahrrad anreisen, gibt es einen Fahrradkeller.<\\\/p>\\n\n\n<p>Autofahrer k\\u00f6nnen direkt neben der Unterkunft parken.<\\\/p>\",\"margin\":\"default\"}}]},{\"type\":\"column\",\"props\":{\"image_position\":\"center-center\",\"padding\":\"xsmall\",\"position_sticky_breakpoint\":\"m\",\"style\":\"tile-muted\",\"width_medium\":\"2-3\"},\"children\":[{\"type\":\"text\",\"props\":{\"column_breakpoint\":\"m\",\"content\":\"[wpforms id=\\\"2691\\\"]\\t\",\"margin\":\"default\"}}]}]}]},{\"type\":\"section\",\"props\":{\"image_position\":\"center-center\",\"padding_remove_bottom\":true,\"style\":\"secondary\",\"title_breakpoint\":\"xl\",\"title_position\":\"top-left\",\"title_rotation\":\"left\",\"vertical_align\":\"middle\",\"width\":\"\"},\"children\":[{\"type\":\"row\",\"children\":[{\"type\":\"column\",\"props\":{\"image_position\":\"center-center\",\"position_sticky_breakpoint\":\"m\",\"width_medium\":\"1-1\"},\"children\":[{\"type\":\"text\",\"props\":{\"block_align\":\"center\",\"column\":\"1-2\",\"column_breakpoint\":\"s\",\"content\":\"\n\n<p><strong>Entfernungen<\\\/strong><br \\\/>Ristiina 3 km<br \\\/>Mikkeli 25 km<br \\\/>Lappeenranta 90 km<br \\\/>Kouvola 90 km<br \\\/>Helsinki 230 km<\\\/p>\\n\n\n<p><strong>N\\u00e4chste Grenz\\u00fcberg\\u00e4nge<\\\/strong><br \\\/>Vaalimaa 130 km<br \\\/>Nuijamaa 115 km<br \\\/>Vainikkala 115 km<\\\/p>\",\"margin\":\"default\",\"maxwidth\":\"2xlarge\",\"text_align\":\"left\",\"text_align_breakpoint\":\"m\",\"text_align_fallback\":\"center\"}},{\"type\":\"text\",\"props\":{\"column_breakpoint\":\"m\",\"content\":\"<iframe src=\\\"https:\\\/\\\/www.google.com\\\/maps\\\/embed?pb=!1m18!1m12!1m3!1d69699.60098015267!2d27.137250710761577!3d61.502835591633804!2m3!1f0!2f0!3f0!3m2!1i1024!2i768!4f13.1!3m3!1m2!1s0x4690737147557d79%3A0x116267b7505fd37d!2sTuukkalan%20Tila%20B%26B!5e0!3m2!1sfi!2sfi!4v1570428715851!5m2!1sfi!2sfi\\\" width=\\\"100%\\\" height=\\\"450\\\" frameborder=\\\"0\\\" style=\\\"border:0;\\\" allowfullscreen=\\\"\\\"><\\\/iframe>\",\"margin\":\"default\"},\"name\":\"Kartta \\u00c4L\\u00c4\\u00a0KOSKE\"}]}]}]}],\"version\":\"4.3.8\"} --><\/p>\n","protected":false},"excerpt":{"rendered":"<p>Kontakt Esko und Leena ValkonenM\u00e4ntyharjuntie 6152300 RistiinaFINNLAND info@tuukkalantila.com+358 50 527 8814, Esko+358 45 634 9299, Leena Sie k\u00f6nnen uns auch mit \u00f6ffentlichen Verkehrsmitteln erreichen: nach Mikkeli mit dem Zug, von Mikkeli mit dem Bus nach Ristiina. F\u00fcr diejenigen, die mit dem Fahrrad anreisen, gibt es einen Fahrradkeller. Autofahrer k\u00f6nnen direkt neben der Unterkunft parken. EntfernungenRistiina [&hellip;]<\/p>\n","protected":false},"author":1,"featured_media":2468,"parent":0,"menu_order":0,"comment_status":"closed","ping_status":"closed","template":"","meta":{"footnotes":""},"class_list":["post-2692","page","type-page","status-publish","has-post-thumbnail","hentry"],"yoast_head":"<!-- This site is optimized with the Yoast SEO plugin v27.2 - https:\/\/yoast.com\/product\/yoast-seo-wordpress\/ -->\n<title>Kontakt - Tuukkala-Bauernhof, Mikkeli, Finnland<\/title>\n<meta name=\"robots\" content=\"index, follow, max-snippet:-1, max-image-preview:large, max-video-preview:-1\" \/>\n<link rel=\"canonical\" href=\"https:\/\/tuukkalantila.com\/yhteystiedot\/\" \/>\n<meta property=\"og:locale\" content=\"de_DE\" \/>\n<meta property=\"og:type\" content=\"article\" \/>\n<meta property=\"og:title\" content=\"Kontakt - Tuukkala-Bauernhof, Mikkeli, Finnland\" \/>\n<meta property=\"og:description\" content=\"Kontakt Esko und Leena ValkonenM\u00e4ntyharjuntie 6152300 RistiinaFINNLAND info@tuukkalantila.com+358 50 527 8814, Esko+358 45 634 9299, Leena Sie k\u00f6nnen uns auch mit \u00f6ffentlichen Verkehrsmitteln erreichen: nach Mikkeli mit dem Zug, von Mikkeli mit dem Bus nach Ristiina. F\u00fcr diejenigen, die mit dem Fahrrad anreisen, gibt es einen Fahrradkeller. Autofahrer k\u00f6nnen direkt neben der Unterkunft parken. EntfernungenRistiina [&hellip;]\" \/>\n<meta property=\"og:url\" content=\"https:\/\/tuukkalantila.com\/yhteystiedot\/\" \/>\n<meta property=\"og:site_name\" content=\"Tuukkala-Bauernhof, Mikkeli, Finnland\" \/>\n<meta property=\"article:publisher\" content=\"https:\/\/www.facebook.com\/TuukkalanTila\/\" \/>\n<meta property=\"article:modified_time\" content=\"2024-04-25T13:16:17+00:00\" \/>\n<meta property=\"og:image\" content=\"https:\/\/tuukkalantila.com\/wp-content\/uploads\/2019\/06\/Leena-and-Esko.jpeg\" \/>\n\t<meta property=\"og:image:width\" content=\"392\" \/>\n\t<meta property=\"og:image:height\" content=\"337\" \/>\n\t<meta property=\"og:image:type\" content=\"image\/jpeg\" \/>\n<meta name=\"twitter:card\" content=\"summary_large_image\" \/>\n<script type=\"application\/ld+json\" class=\"yoast-schema-graph\">{\"@context\":\"https:\/\/schema.org\",\"@graph\":[{\"@type\":\"WebPage\",\"@id\":\"https:\/\/tuukkalantila.com\/yhteystiedot\/\",\"url\":\"https:\/\/tuukkalantila.com\/yhteystiedot\/\",\"name\":\"Kontakt - Tuukkala-Bauernhof, Mikkeli, Finnland\",\"isPartOf\":{\"@id\":\"https:\/\/tuukkalantila.com\/#website\"},\"primaryImageOfPage\":{\"@id\":\"https:\/\/tuukkalantila.com\/yhteystiedot\/#primaryimage\"},\"image\":{\"@id\":\"https:\/\/tuukkalantila.com\/yhteystiedot\/#primaryimage\"},\"thumbnailUrl\":\"https:\/\/tuukkalantila.com\/wp-content\/uploads\/2019\/06\/Leena-and-Esko.jpeg\",\"datePublished\":\"2019-06-17T06:21:22+00:00\",\"dateModified\":\"2024-04-25T13:16:17+00:00\",\"breadcrumb\":{\"@id\":\"https:\/\/tuukkalantila.com\/yhteystiedot\/#breadcrumb\"},\"inLanguage\":\"de\",\"potentialAction\":[{\"@type\":\"ReadAction\",\"target\":[\"https:\/\/tuukkalantila.com\/yhteystiedot\/\"]}]},{\"@type\":\"ImageObject\",\"inLanguage\":\"de\",\"@id\":\"https:\/\/tuukkalantila.com\/yhteystiedot\/#primaryimage\",\"url\":\"https:\/\/tuukkalantila.com\/wp-content\/uploads\/2019\/06\/Leena-and-Esko.jpeg\",\"contentUrl\":\"https:\/\/tuukkalantila.com\/wp-content\/uploads\/2019\/06\/Leena-and-Esko.jpeg\",\"width\":392,\"height\":337,\"caption\":\"Leena und Esko, Tuukkalan Tila\"},{\"@type\":\"BreadcrumbList\",\"@id\":\"https:\/\/tuukkalantila.com\/yhteystiedot\/#breadcrumb\",\"itemListElement\":[{\"@type\":\"ListItem\",\"position\":1,\"name\":\"Home\",\"item\":\"https:\/\/tuukkalantila.com\/\"},{\"@type\":\"ListItem\",\"position\":2,\"name\":\"Kontakt\"}]},{\"@type\":\"WebSite\",\"@id\":\"https:\/\/tuukkalantila.com\/#website\",\"url\":\"https:\/\/tuukkalantila.com\/\",\"name\":\"Tuukkalan tila, Mikkelin Ristiinassa\",\"description\":\"aamiaismajoitusta Mikkelin Ristiinassa\",\"publisher\":{\"@id\":\"https:\/\/tuukkalantila.com\/#organization\"},\"potentialAction\":[{\"@type\":\"SearchAction\",\"target\":{\"@type\":\"EntryPoint\",\"urlTemplate\":\"https:\/\/tuukkalantila.com\/?s={search_term_string}\"},\"query-input\":{\"@type\":\"PropertyValueSpecification\",\"valueRequired\":true,\"valueName\":\"search_term_string\"}}],\"inLanguage\":\"de\"},{\"@type\":\"Organization\",\"@id\":\"https:\/\/tuukkalantila.com\/#organization\",\"name\":\"Tuukkalan tila\",\"url\":\"https:\/\/tuukkalantila.com\/\",\"logo\":{\"@type\":\"ImageObject\",\"inLanguage\":\"de\",\"@id\":\"https:\/\/tuukkalantila.com\/#\/schema\/logo\/image\/\",\"url\":\"https:\/\/tuukkalantila.com\/wp-content\/uploads\/2019\/06\/tuukkalantila-logo2.png\",\"contentUrl\":\"https:\/\/tuukkalantila.com\/wp-content\/uploads\/2019\/06\/tuukkalantila-logo2.png\",\"width\":220,\"height\":106,\"caption\":\"Tuukkalan tila\"},\"image\":{\"@id\":\"https:\/\/tuukkalantila.com\/#\/schema\/logo\/image\/\"},\"sameAs\":[\"https:\/\/www.facebook.com\/TuukkalanTila\/\",\"https:\/\/www.instagram.com\/tuukkalantila\/\"]}]}<\/script>\n<!-- \/ Yoast SEO plugin. -->","yoast_head_json":{"title":"Kontakt - Tuukkala-Bauernhof, Mikkeli, Finnland","robots":{"index":"index","follow":"follow","max-snippet":"max-snippet:-1","max-image-preview":"max-image-preview:large","max-video-preview":"max-video-preview:-1"},"canonical":"https:\/\/tuukkalantila.com\/yhteystiedot\/","og_locale":"de_DE","og_type":"article","og_title":"Kontakt - Tuukkala-Bauernhof, Mikkeli, Finnland","og_description":"Kontakt Esko und Leena ValkonenM\u00e4ntyharjuntie 6152300 RistiinaFINNLAND info@tuukkalantila.com+358 50 527 8814, Esko+358 45 634 9299, Leena Sie k\u00f6nnen uns auch mit \u00f6ffentlichen Verkehrsmitteln erreichen: nach Mikkeli mit dem Zug, von Mikkeli mit dem Bus nach Ristiina. F\u00fcr diejenigen, die mit dem Fahrrad anreisen, gibt es einen Fahrradkeller. Autofahrer k\u00f6nnen direkt neben der Unterkunft parken. EntfernungenRistiina [&hellip;]","og_url":"https:\/\/tuukkalantila.com\/yhteystiedot\/","og_site_name":"Tuukkala-Bauernhof, Mikkeli, Finnland","article_publisher":"https:\/\/www.facebook.com\/TuukkalanTila\/","article_modified_time":"2024-04-25T13:16:17+00:00","og_image":[{"width":392,"height":337,"url":"https:\/\/tuukkalantila.com\/wp-content\/uploads\/2019\/06\/Leena-and-Esko.jpeg","type":"image\/jpeg"}],"twitter_card":"summary_large_image","schema":{"@context":"https:\/\/schema.org","@graph":[{"@type":"WebPage","@id":"https:\/\/tuukkalantila.com\/yhteystiedot\/","url":"https:\/\/tuukkalantila.com\/yhteystiedot\/","name":"Kontakt - Tuukkala-Bauernhof, Mikkeli, Finnland","isPartOf":{"@id":"https:\/\/tuukkalantila.com\/#website"},"primaryImageOfPage":{"@id":"https:\/\/tuukkalantila.com\/yhteystiedot\/#primaryimage"},"image":{"@id":"https:\/\/tuukkalantila.com\/yhteystiedot\/#primaryimage"},"thumbnailUrl":"https:\/\/tuukkalantila.com\/wp-content\/uploads\/2019\/06\/Leena-and-Esko.jpeg","datePublished":"2019-06-17T06:21:22+00:00","dateModified":"2024-04-25T13:16:17+00:00","breadcrumb":{"@id":"https:\/\/tuukkalantila.com\/yhteystiedot\/#breadcrumb"},"inLanguage":"de","potentialAction":[{"@type":"ReadAction","target":["https:\/\/tuukkalantila.com\/yhteystiedot\/"]}]},{"@type":"ImageObject","inLanguage":"de","@id":"https:\/\/tuukkalantila.com\/yhteystiedot\/#primaryimage","url":"https:\/\/tuukkalantila.com\/wp-content\/uploads\/2019\/06\/Leena-and-Esko.jpeg","contentUrl":"https:\/\/tuukkalantila.com\/wp-content\/uploads\/2019\/06\/Leena-and-Esko.jpeg","width":392,"height":337,"caption":"Leena und Esko, Tuukkalan Tila"},{"@type":"BreadcrumbList","@id":"https:\/\/tuukkalantila.com\/yhteystiedot\/#breadcrumb","itemListElement":[{"@type":"ListItem","position":1,"name":"Home","item":"https:\/\/tuukkalantila.com\/"},{"@type":"ListItem","position":2,"name":"Kontakt"}]},{"@type":"WebSite","@id":"https:\/\/tuukkalantila.com\/#website","url":"https:\/\/tuukkalantila.com\/","name":"Tuukkalan tila, Mikkelin Ristiinassa","description":"aamiaismajoitusta Mikkelin Ristiinassa","publisher":{"@id":"https:\/\/tuukkalantila.com\/#organization"},"potentialAction":[{"@type":"SearchAction","target":{"@type":"EntryPoint","urlTemplate":"https:\/\/tuukkalantila.com\/?s={search_term_string}"},"query-input":{"@type":"PropertyValueSpecification","valueRequired":true,"valueName":"search_term_string"}}],"inLanguage":"de"},{"@type":"Organization","@id":"https:\/\/tuukkalantila.com\/#organization","name":"Tuukkalan tila","url":"https:\/\/tuukkalantila.com\/","logo":{"@type":"ImageObject","inLanguage":"de","@id":"https:\/\/tuukkalantila.com\/#\/schema\/logo\/image\/","url":"https:\/\/tuukkalantila.com\/wp-content\/uploads\/2019\/06\/tuukkalantila-logo2.png","contentUrl":"https:\/\/tuukkalantila.com\/wp-content\/uploads\/2019\/06\/tuukkalantila-logo2.png","width":220,"height":106,"caption":"Tuukkalan tila"},"image":{"@id":"https:\/\/tuukkalantila.com\/#\/schema\/logo\/image\/"},"sameAs":["https:\/\/www.facebook.com\/TuukkalanTila\/","https:\/\/www.instagram.com\/tuukkalantila\/"]}]}},"_links":{"self":[{"href":"https:\/\/tuukkalantila.com\/de\/wp-json\/wp\/v2\/pages\/2692","targetHints":{"allow":["GET"]}}],"collection":[{"href":"https:\/\/tuukkalantila.com\/de\/wp-json\/wp\/v2\/pages"}],"about":[{"href":"https:\/\/tuukkalantila.com\/de\/wp-json\/wp\/v2\/types\/page"}],"author":[{"embeddable":true,"href":"https:\/\/tuukkalantila.com\/de\/wp-json\/wp\/v2\/users\/1"}],"replies":[{"embeddable":true,"href":"https:\/\/tuukkalantila.com\/de\/wp-json\/wp\/v2\/comments?post=2692"}],"version-history":[{"count":9,"href":"https:\/\/tuukkalantila.com\/de\/wp-json\/wp\/v2\/pages\/2692\/revisions"}],"predecessor-version":[{"id":112965,"href":"https:\/\/tuukkalantila.com\/de\/wp-json\/wp\/v2\/pages\/2692\/revisions\/112965"}],"wp:featuredmedia":[{"embeddable":true,"href":"https:\/\/tuukkalantila.com\/de\/wp-json\/wp\/v2\/media\/2468"}],"wp:attachment":[{"href":"https:\/\/tuukkalantila.com\/de\/wp-json\/wp\/v2\/media?parent=2692"}],"curies":[{"name":"wp","href":"https:\/\/api.w.org\/{rel}","templated":true}]}}