{"id":2913,"date":"2019-10-11T12:16:01","date_gmt":"2019-10-11T09:16:01","guid":{"rendered":"http:\/\/davas.site\/tuukkalantila\/?page_id=2913"},"modified":"2024-03-31T15:15:41","modified_gmt":"2024-03-31T12:15:41","slug":"verantwortlichkeit","status":"publish","type":"page","link":"https:\/\/tuukkalantila.com\/de\/verantwortlichkeit\/","title":{"rendered":"VERANTWORTLICHKEIT"},"content":{"rendered":"<div>\n<h1 class=\"p1\"><span class=\"s1\">VERANTWORTLICHKEIT<\/span><\/h1>\n<p class=\"p1\"><span class=\"s1\"><img decoding=\"async\" class=\"alignright  wp-image-2885\" src=\"http:\/\/tuukkalantila.com\/wp-content\/uploads\/2019\/10\/greenkey_logo-6c35159d.jpeg\" alt=\"\" width=\"109\" height=\"137\" \/>Im Mai 2018 wurde uns das Umweltzeichen Green Key verliehen. Das Zeichen weist darauf hin, dass wir uns dazu verpflichtet haben, das Umweltbewusstsein der Angestellten und der Kunden zu steigern, Energie und Wasser effizienter zu nutzen und die Umweltbelastung durch die T\u00e4tigkeit als Beherbergungsbetrieb zu reduzieren.<\/span><\/p>\n<p class=\"p1\"><span class=\"s1\">Wir arbeiten zusammen: Unser gesamtes Personal ist bei der Umweltarbeit mit dabei, wir berichten von der Umweltarbeit, die wir leisten, und deren Bedeutung.<\/span><\/p>\n<p class=\"p1\"><span class=\"s1\">Zum Fr\u00fchst\u00fcck werden lokale Lebensmittel und Bioprodukte serviert. Ged\u00fcnsteter Biohaferbrei schmeckt vorz\u00fcglich mit Beeren aus dem eigenen Garten und Biomilch. Die Fr\u00fchst\u00fcckseier sind die Eier unserer eigenen H\u00fchnerfarm. Zu den frisch gebackenen Broten des Hauses gibt es Kaffee, Tee oder hausgemachten Apfel- oder Beerensaft. Wenn Sie Gl\u00fcck haben, k\u00f6nnen Sie vom Hausherrn gebackene Waffeln mit dem Honig des Hauses und Apfelmarmelade kosten.<\/span><\/p>\n<p class=\"p1\"><span class=\"s1\">Die H\u00fchner k\u00fcmmern sich um die Lebensmittelabf\u00e4lle. \u201eDas Brot von gestern ist das Ei von morgen.\u201c<\/span><\/p>\n<p class=\"p1\"><span class=\"s1\">Zur Beleuchtung verwenden wir Energiespar- und LED-Lampen. Solche haben wir bereits in mindestens 75 % unserer Lampen. Immer, wenn wir eine Lampe austauschen, w\u00e4hlen wir eine umweltfreundliche neue Lampe.<\/span><\/p>\n<p class=\"p1\"><span class=\"s1\">Wir machen die Nutzung des Wassers effizienter: In der K\u00fcche sp\u00fclen wir das Geschirr sorgf\u00e4ltig und effizient und unsere Mietobjekte verf\u00fcgen \u00fcber Duschen und Wasserh\u00e4hne, die effektiv Wasser sparen.<\/span><\/p>\n<p class=\"p1\"><span class=\"s1\">Alle Waschmittel werden nach \u00f6kologischen Grundlagen ausgew\u00e4hlt.<\/span><\/p>\n<p class=\"p1\"><span class=\"s1\">Wir sortieren die Abf\u00e4lle sorgf\u00e4ltig und effizient &#8211; wiederverwendbare Abf\u00e4lle werden dem Recycling zugef\u00fchrt.<\/span><\/p>\n<p class=\"p1\"><span class=\"s1\">F\u00fcr unseren Beherbergungsbetrieb mit Fr\u00fchst\u00fcck nutzen wir alte Geb\u00e4ude und R\u00e4ume f\u00fcr einen neuen Zweck.<\/span><\/p>\n<p class=\"p1\"><span class=\"s1\">Mit Gleichwertigkeit ist auf dem Landgut Tuukkala gemeint, dass wir alle Menschen respektvoll und gleichwertig behandeln, unabh\u00e4ngig von ihrem Geschlecht, ihrem Alter, ihrer ethnischen oder nationalen Herkunft, ihrer Nationalit\u00e4t, ihrer Sprache, ihrem Glauben oder ihrer \u00dcberzeugung, ihrer Anschauungen, ihrer Invalidit\u00e4t, ihres Gesundheitszustands, ihrer sexuellen Orientierung oder anderen mit der Person in Verbindung stehenden Gr\u00fcnden.<\/span><\/p>\n<\/div>\n<p><!--more--><br \/>\n<!-- {\"type\":\"layout\",\"children\":[{\"type\":\"section\",\"props\":{\"image_position\":\"center-center\",\"style\":\"default\",\"title_breakpoint\":\"xl\",\"title_position\":\"top-left\",\"title_rotation\":\"left\",\"vertical_align\":\"middle\",\"width\":\"large\"},\"children\":[{\"type\":\"row\",\"children\":[{\"type\":\"column\",\"props\":{\"image_position\":\"center-center\",\"position_sticky_breakpoint\":\"m\",\"width_medium\":\"1-1\"},\"children\":[{\"type\":\"text\",\"props\":{\"column_breakpoint\":\"m\",\"content\":\"\n\n<h1 class=\\\"p1\\\"><span class=\\\"s1\\\">VERANTWORTLICHKEIT<\\\/span><\\\/h1>\\n\n\n<p class=\\\"p1\\\"><span class=\\\"s1\\\"><img class=\\\"alignright  wp-image-2885\\\" src=\\\"http:\\\/\\\/tuukkalantila.com\\\/wp-content\\\/uploads\\\/2019\\\/10\\\/greenkey_logo-6c35159d.jpeg\\\" alt=\\\"\\\" width=\\\"109\\\" height=\\\"137\\\" \\\/>Im Mai 2018 wurde uns das Umweltzeichen Green Key verliehen. Das Zeichen weist darauf hin, dass wir uns dazu verpflichtet haben, das Umweltbewusstsein der Angestellten und der Kunden zu steigern, Energie und Wasser effizienter zu nutzen und die Umweltbelastung durch die T\\u00e4tigkeit als Beherbergungsbetrieb zu reduzieren.<\\\/span><\\\/p>\\n\n\n<p class=\\\"p1\\\"><span class=\\\"s1\\\">Wir arbeiten zusammen: Unser gesamtes Personal ist bei der Umweltarbeit mit dabei, wir berichten von der Umweltarbeit, die wir leisten, und deren Bedeutung.<\\\/span><\\\/p>\\n\n\n<p class=\\\"p1\\\"><span class=\\\"s1\\\">Zum Fr\\u00fchst\\u00fcck werden lokale Lebensmittel und Bioprodukte serviert. Ged\\u00fcnsteter Biohaferbrei schmeckt vorz\\u00fcglich mit Beeren aus dem eigenen Garten und Biomilch. Die Fr\\u00fchst\\u00fcckseier sind die Eier unserer eigenen H\\u00fchnerfarm. Zu den frisch gebackenen Broten des Hauses gibt es Kaffee, Tee oder hausgemachten Apfel- oder Beerensaft. Wenn Sie Gl\\u00fcck haben, k\\u00f6nnen Sie vom Hausherrn gebackene Waffeln mit dem Honig des Hauses und Apfelmarmelade kosten.<\\\/span><\\\/p>\\n\n\n<p class=\\\"p1\\\"><span class=\\\"s1\\\">Die H\\u00fchner k\\u00fcmmern sich um die Lebensmittelabf\\u00e4lle. \\u201eDas Brot von gestern ist das Ei von morgen.\\u201c<\\\/span><\\\/p>\\n\n\n<p class=\\\"p1\\\"><span class=\\\"s1\\\">Zur Beleuchtung verwenden wir Energiespar- und LED-Lampen. Solche haben wir bereits in mindestens 75 % unserer Lampen. Immer, wenn wir eine Lampe austauschen, w\\u00e4hlen wir eine umweltfreundliche neue Lampe.<\\\/span><\\\/p>\\n\n\n<p class=\\\"p1\\\"><span class=\\\"s1\\\">Wir machen die Nutzung des Wassers effizienter: In der K\\u00fcche sp\\u00fclen wir das Geschirr sorgf\\u00e4ltig und effizient und unsere Mietobjekte verf\\u00fcgen \\u00fcber Duschen und Wasserh\\u00e4hne, die effektiv Wasser sparen.<\\\/span><\\\/p>\\n\n\n<p class=\\\"p1\\\"><span class=\\\"s1\\\">Alle Waschmittel werden nach \\u00f6kologischen Grundlagen ausgew\\u00e4hlt.<\\\/span><\\\/p>\\n\n\n<p class=\\\"p1\\\"><span class=\\\"s1\\\">Wir sortieren die Abf\\u00e4lle sorgf\\u00e4ltig und effizient - wiederverwendbare Abf\\u00e4lle werden dem Recycling zugef\\u00fchrt.<\\\/span><\\\/p>\\n\n\n<p class=\\\"p1\\\"><span class=\\\"s1\\\">F\\u00fcr unseren Beherbergungsbetrieb mit Fr\\u00fchst\\u00fcck nutzen wir alte Geb\\u00e4ude und R\\u00e4ume f\\u00fcr einen neuen Zweck.<\\\/span><\\\/p>\\n\n\n<p class=\\\"p1\\\"><span class=\\\"s1\\\">Mit Gleichwertigkeit ist auf dem Landgut Tuukkala gemeint, dass wir alle Menschen respektvoll und gleichwertig behandeln, unabh\\u00e4ngig von ihrem Geschlecht, ihrem Alter, ihrer ethnischen oder nationalen Herkunft, ihrer Nationalit\\u00e4t, ihrer Sprache, ihrem Glauben oder ihrer \\u00dcberzeugung, ihrer Anschauungen, ihrer Invalidit\\u00e4t, ihres Gesundheitszustands, ihrer sexuellen Orientierung oder anderen mit der Person in Verbindung stehenden Gr\\u00fcnden.<\\\/span><\\\/p>\",\"margin\":\"default\"}}]}]}]}],\"version\":\"4.3.8\"} --><\/p>\n","protected":false},"excerpt":{"rendered":"<p>VERANTWORTLICHKEIT Im Mai 2018 wurde uns das Umweltzeichen Green Key verliehen. Das Zeichen weist darauf hin, dass wir uns dazu verpflichtet haben, das Umweltbewusstsein der Angestellten und der Kunden zu steigern, Energie und Wasser effizienter zu nutzen und die Umweltbelastung durch die T\u00e4tigkeit als Beherbergungsbetrieb zu reduzieren. Wir arbeiten zusammen: Unser gesamtes Personal ist bei [&hellip;]<\/p>\n","protected":false},"author":1,"featured_media":0,"parent":0,"menu_order":0,"comment_status":"closed","ping_status":"closed","template":"","meta":{"footnotes":""},"class_list":["post-2913","page","type-page","status-publish","hentry"],"yoast_head":"<!-- This site is optimized with the Yoast SEO plugin v27.2 - https:\/\/yoast.com\/product\/yoast-seo-wordpress\/ -->\n<title>VERANTWORTLICHKEIT - Tuukkala-Bauernhof, Mikkeli, Finnland<\/title>\n<meta name=\"robots\" content=\"index, follow, max-snippet:-1, max-image-preview:large, max-video-preview:-1\" \/>\n<link rel=\"canonical\" href=\"https:\/\/tuukkalantila.com\/vastuullisuus\/\" \/>\n<meta property=\"og:locale\" content=\"de_DE\" \/>\n<meta property=\"og:type\" content=\"article\" \/>\n<meta property=\"og:title\" content=\"VERANTWORTLICHKEIT - Tuukkala-Bauernhof, Mikkeli, Finnland\" \/>\n<meta property=\"og:description\" content=\"VERANTWORTLICHKEIT Im Mai 2018 wurde uns das Umweltzeichen Green Key verliehen. Das Zeichen weist darauf hin, dass wir uns dazu verpflichtet haben, das Umweltbewusstsein der Angestellten und der Kunden zu steigern, Energie und Wasser effizienter zu nutzen und die Umweltbelastung durch die T\u00e4tigkeit als Beherbergungsbetrieb zu reduzieren. Wir arbeiten zusammen: Unser gesamtes Personal ist bei [&hellip;]\" \/>\n<meta property=\"og:url\" content=\"https:\/\/tuukkalantila.com\/vastuullisuus\/\" \/>\n<meta property=\"og:site_name\" content=\"Tuukkala-Bauernhof, Mikkeli, Finnland\" \/>\n<meta property=\"article:publisher\" content=\"https:\/\/www.facebook.com\/TuukkalanTila\/\" \/>\n<meta property=\"article:modified_time\" content=\"2024-03-31T12:15:41+00:00\" \/>\n<meta property=\"og:image\" content=\"http:\/\/tuukkalantila.com\/wp-content\/uploads\/2019\/10\/greenkey_logo-6c35159d.jpeg\" \/>\n<meta name=\"twitter:card\" content=\"summary_large_image\" \/>\n<meta name=\"twitter:label1\" content=\"Gesch\u00e4tzte Lesezeit\" \/>\n\t<meta name=\"twitter:data1\" content=\"2\u00a0Minuten\" \/>\n<script type=\"application\/ld+json\" class=\"yoast-schema-graph\">{\"@context\":\"https:\/\/schema.org\",\"@graph\":[{\"@type\":\"WebPage\",\"@id\":\"https:\/\/tuukkalantila.com\/vastuullisuus\/\",\"url\":\"https:\/\/tuukkalantila.com\/vastuullisuus\/\",\"name\":\"VERANTWORTLICHKEIT - Tuukkala-Bauernhof, Mikkeli, Finnland\",\"isPartOf\":{\"@id\":\"https:\/\/tuukkalantila.com\/#website\"},\"primaryImageOfPage\":{\"@id\":\"https:\/\/tuukkalantila.com\/vastuullisuus\/#primaryimage\"},\"image\":{\"@id\":\"https:\/\/tuukkalantila.com\/vastuullisuus\/#primaryimage\"},\"thumbnailUrl\":\"http:\/\/tuukkalantila.com\/wp-content\/uploads\/2019\/10\/greenkey_logo-6c35159d.jpeg\",\"datePublished\":\"2019-10-11T09:16:01+00:00\",\"dateModified\":\"2024-03-31T12:15:41+00:00\",\"breadcrumb\":{\"@id\":\"https:\/\/tuukkalantila.com\/vastuullisuus\/#breadcrumb\"},\"inLanguage\":\"de\",\"potentialAction\":[{\"@type\":\"ReadAction\",\"target\":[\"https:\/\/tuukkalantila.com\/vastuullisuus\/\"]}]},{\"@type\":\"ImageObject\",\"inLanguage\":\"de\",\"@id\":\"https:\/\/tuukkalantila.com\/vastuullisuus\/#primaryimage\",\"url\":\"http:\/\/tuukkalantila.com\/wp-content\/uploads\/2019\/10\/greenkey_logo-6c35159d.jpeg\",\"contentUrl\":\"http:\/\/tuukkalantila.com\/wp-content\/uploads\/2019\/10\/greenkey_logo-6c35159d.jpeg\"},{\"@type\":\"BreadcrumbList\",\"@id\":\"https:\/\/tuukkalantila.com\/vastuullisuus\/#breadcrumb\",\"itemListElement\":[{\"@type\":\"ListItem\",\"position\":1,\"name\":\"Home\",\"item\":\"https:\/\/tuukkalantila.com\/\"},{\"@type\":\"ListItem\",\"position\":2,\"name\":\"VERANTWORTLICHKEIT\"}]},{\"@type\":\"WebSite\",\"@id\":\"https:\/\/tuukkalantila.com\/#website\",\"url\":\"https:\/\/tuukkalantila.com\/\",\"name\":\"Tuukkalan tila, Mikkelin Ristiinassa\",\"description\":\"aamiaismajoitusta Mikkelin Ristiinassa\",\"publisher\":{\"@id\":\"https:\/\/tuukkalantila.com\/#organization\"},\"potentialAction\":[{\"@type\":\"SearchAction\",\"target\":{\"@type\":\"EntryPoint\",\"urlTemplate\":\"https:\/\/tuukkalantila.com\/?s={search_term_string}\"},\"query-input\":{\"@type\":\"PropertyValueSpecification\",\"valueRequired\":true,\"valueName\":\"search_term_string\"}}],\"inLanguage\":\"de\"},{\"@type\":\"Organization\",\"@id\":\"https:\/\/tuukkalantila.com\/#organization\",\"name\":\"Tuukkalan tila\",\"url\":\"https:\/\/tuukkalantila.com\/\",\"logo\":{\"@type\":\"ImageObject\",\"inLanguage\":\"de\",\"@id\":\"https:\/\/tuukkalantila.com\/#\/schema\/logo\/image\/\",\"url\":\"https:\/\/tuukkalantila.com\/wp-content\/uploads\/2019\/06\/tuukkalantila-logo2.png\",\"contentUrl\":\"https:\/\/tuukkalantila.com\/wp-content\/uploads\/2019\/06\/tuukkalantila-logo2.png\",\"width\":220,\"height\":106,\"caption\":\"Tuukkalan tila\"},\"image\":{\"@id\":\"https:\/\/tuukkalantila.com\/#\/schema\/logo\/image\/\"},\"sameAs\":[\"https:\/\/www.facebook.com\/TuukkalanTila\/\",\"https:\/\/www.instagram.com\/tuukkalantila\/\"]}]}<\/script>\n<!-- \/ Yoast SEO plugin. -->","yoast_head_json":{"title":"VERANTWORTLICHKEIT - Tuukkala-Bauernhof, Mikkeli, Finnland","robots":{"index":"index","follow":"follow","max-snippet":"max-snippet:-1","max-image-preview":"max-image-preview:large","max-video-preview":"max-video-preview:-1"},"canonical":"https:\/\/tuukkalantila.com\/vastuullisuus\/","og_locale":"de_DE","og_type":"article","og_title":"VERANTWORTLICHKEIT - Tuukkala-Bauernhof, Mikkeli, Finnland","og_description":"VERANTWORTLICHKEIT Im Mai 2018 wurde uns das Umweltzeichen Green Key verliehen. Das Zeichen weist darauf hin, dass wir uns dazu verpflichtet haben, das Umweltbewusstsein der Angestellten und der Kunden zu steigern, Energie und Wasser effizienter zu nutzen und die Umweltbelastung durch die T\u00e4tigkeit als Beherbergungsbetrieb zu reduzieren. Wir arbeiten zusammen: Unser gesamtes Personal ist bei [&hellip;]","og_url":"https:\/\/tuukkalantila.com\/vastuullisuus\/","og_site_name":"Tuukkala-Bauernhof, Mikkeli, Finnland","article_publisher":"https:\/\/www.facebook.com\/TuukkalanTila\/","article_modified_time":"2024-03-31T12:15:41+00:00","og_image":[{"url":"http:\/\/tuukkalantila.com\/wp-content\/uploads\/2019\/10\/greenkey_logo-6c35159d.jpeg","type":"","width":"","height":""}],"twitter_card":"summary_large_image","twitter_misc":{"Gesch\u00e4tzte Lesezeit":"2\u00a0Minuten"},"schema":{"@context":"https:\/\/schema.org","@graph":[{"@type":"WebPage","@id":"https:\/\/tuukkalantila.com\/vastuullisuus\/","url":"https:\/\/tuukkalantila.com\/vastuullisuus\/","name":"VERANTWORTLICHKEIT - Tuukkala-Bauernhof, Mikkeli, Finnland","isPartOf":{"@id":"https:\/\/tuukkalantila.com\/#website"},"primaryImageOfPage":{"@id":"https:\/\/tuukkalantila.com\/vastuullisuus\/#primaryimage"},"image":{"@id":"https:\/\/tuukkalantila.com\/vastuullisuus\/#primaryimage"},"thumbnailUrl":"http:\/\/tuukkalantila.com\/wp-content\/uploads\/2019\/10\/greenkey_logo-6c35159d.jpeg","datePublished":"2019-10-11T09:16:01+00:00","dateModified":"2024-03-31T12:15:41+00:00","breadcrumb":{"@id":"https:\/\/tuukkalantila.com\/vastuullisuus\/#breadcrumb"},"inLanguage":"de","potentialAction":[{"@type":"ReadAction","target":["https:\/\/tuukkalantila.com\/vastuullisuus\/"]}]},{"@type":"ImageObject","inLanguage":"de","@id":"https:\/\/tuukkalantila.com\/vastuullisuus\/#primaryimage","url":"http:\/\/tuukkalantila.com\/wp-content\/uploads\/2019\/10\/greenkey_logo-6c35159d.jpeg","contentUrl":"http:\/\/tuukkalantila.com\/wp-content\/uploads\/2019\/10\/greenkey_logo-6c35159d.jpeg"},{"@type":"BreadcrumbList","@id":"https:\/\/tuukkalantila.com\/vastuullisuus\/#breadcrumb","itemListElement":[{"@type":"ListItem","position":1,"name":"Home","item":"https:\/\/tuukkalantila.com\/"},{"@type":"ListItem","position":2,"name":"VERANTWORTLICHKEIT"}]},{"@type":"WebSite","@id":"https:\/\/tuukkalantila.com\/#website","url":"https:\/\/tuukkalantila.com\/","name":"Tuukkalan tila, Mikkelin Ristiinassa","description":"aamiaismajoitusta Mikkelin Ristiinassa","publisher":{"@id":"https:\/\/tuukkalantila.com\/#organization"},"potentialAction":[{"@type":"SearchAction","target":{"@type":"EntryPoint","urlTemplate":"https:\/\/tuukkalantila.com\/?s={search_term_string}"},"query-input":{"@type":"PropertyValueSpecification","valueRequired":true,"valueName":"search_term_string"}}],"inLanguage":"de"},{"@type":"Organization","@id":"https:\/\/tuukkalantila.com\/#organization","name":"Tuukkalan tila","url":"https:\/\/tuukkalantila.com\/","logo":{"@type":"ImageObject","inLanguage":"de","@id":"https:\/\/tuukkalantila.com\/#\/schema\/logo\/image\/","url":"https:\/\/tuukkalantila.com\/wp-content\/uploads\/2019\/06\/tuukkalantila-logo2.png","contentUrl":"https:\/\/tuukkalantila.com\/wp-content\/uploads\/2019\/06\/tuukkalantila-logo2.png","width":220,"height":106,"caption":"Tuukkalan tila"},"image":{"@id":"https:\/\/tuukkalantila.com\/#\/schema\/logo\/image\/"},"sameAs":["https:\/\/www.facebook.com\/TuukkalanTila\/","https:\/\/www.instagram.com\/tuukkalantila\/"]}]}},"_links":{"self":[{"href":"https:\/\/tuukkalantila.com\/de\/wp-json\/wp\/v2\/pages\/2913","targetHints":{"allow":["GET"]}}],"collection":[{"href":"https:\/\/tuukkalantila.com\/de\/wp-json\/wp\/v2\/pages"}],"about":[{"href":"https:\/\/tuukkalantila.com\/de\/wp-json\/wp\/v2\/types\/page"}],"author":[{"embeddable":true,"href":"https:\/\/tuukkalantila.com\/de\/wp-json\/wp\/v2\/users\/1"}],"replies":[{"embeddable":true,"href":"https:\/\/tuukkalantila.com\/de\/wp-json\/wp\/v2\/comments?post=2913"}],"version-history":[{"count":3,"href":"https:\/\/tuukkalantila.com\/de\/wp-json\/wp\/v2\/pages\/2913\/revisions"}],"predecessor-version":[{"id":112876,"href":"https:\/\/tuukkalantila.com\/de\/wp-json\/wp\/v2\/pages\/2913\/revisions\/112876"}],"wp:attachment":[{"href":"https:\/\/tuukkalantila.com\/de\/wp-json\/wp\/v2\/media?parent=2913"}],"curies":[{"name":"wp","href":"https:\/\/api.w.org\/{rel}","templated":true}]}}