{"id":991,"date":"2019-05-16T16:19:10","date_gmt":"2019-05-16T13:19:10","guid":{"rendered":"http:\/\/davas.site\/kaidankiho\/kaidan-kunkku\/"},"modified":"2025-02-05T12:26:55","modified_gmt":"2025-02-05T10:26:55","slug":"appartements","status":"publish","type":"page","link":"https:\/\/tuukkalantila.com\/de\/bed-breakfast\/appartements\/","title":{"rendered":"Appartements"},"content":{"rendered":"<h1>Appartements<\/h1>\n<div>\n<p>In den Appartements drei separate, abschlie\u00dfbare Zimmer auf zwei Stockwerken, K\u00fcche, Au\u00dfenterrasse und Badezimmer in beiden Stockwerken. Tv und frei WiFi.<\/p>\n<p class=\"p1\"><span class=\"s1\">Im Sommer wird den G\u00e4sten das Bauernfr\u00fchst\u00fcck im Hauptgeb\u00e4ude serviert. Zu anderen Zeiten nach Absprache.<\/span><\/p>\n<p>Reisebett f\u00fcr kleine Kinder ist erh\u00e4ltlich.<\/p>\n<\/div>\n<div>\n<h3>Zimmer 1 (Pomona) und 2 (Valo): zwei Betten und zwei Zustellbetten<\/h3>\n<p>Betten mit Federkernmatratzen, zwei Zusatzbetten, Klimaanlage, Heizung.<\/p>\n<h3>Zimmer 3 (Kielo): Zwei Betten<\/h3>\n<p>Betten mit Federkernmatratzen, Klimaanlage, Heizung.<\/p>\n<h5>Check-in Zeit ist 16.00 bis 20.00 Uhr<\/h5>\n<p>Wenn Sie fr\u00fcher anreisen, kontaktieren Sie uns bitte<br \/>Abend- und Nachtzuschlag 15 \u20ac<\/p>\n<\/div>\n<div><johku-widget id=\"kaidankiho\/b98037da8010efe6\" locale=\"de_DE\"><\/johku-widget><\/div>\n<div>\n<h2>Preise die Sommerzeit 1.6. &#8211; 31.8.<\/h2>\n<ul>\n<li>Einzelzimmer ab 80 \u20ac \/ Nacht<\/li>\n<li>Doppelzimmer ab 115 \u20ac \/ Nacht\n<ul>\n<li>Zusatzbetten Erwachsene 35 \u20ac \/ Nacht<\/li>\n<li>Zusatzbetten 2 -12 -J\u00e4hrige 22 \u20ac \/ Nacht<\/li>\n<\/ul>\n<\/li>\n<li>unter 2-J\u00e4hrige umsonst<\/li>\n<li>sauna 19 \u20ac \/ 50 min.<\/li>\n<\/ul>\n<p>Enth\u00e4lt ein reichhaltiges Bauernfr\u00fchst\u00fcck.<\/p>\n<p>Bezahlung in bar oder im Voraus per Bank\u00fcberweisung.<\/p>\n<\/div>\n<div>\n<h2>Preise 1.9. &#8211; 31.5.<\/h2>\n<ul>\n<li>Einzelzimmer ab 62 \u20ac \/ Nacht<\/li>\n<li>Doppelzimmer ab 87 \u20ac \/ Nacht\n<ul>\n<li>Zusatzbetten Erwacchsene 30 \u20ac \/ Nacht<\/li>\n<li>Zusatzbetten 2 -12 -J\u00e4hrige 15 \u20ac \/ Nacht<\/li>\n<\/ul>\n<\/li>\n<li>unter 2-J\u00e4hrige umsonst<\/li>\n<\/ul>\n<\/div>\n<ul>\n<li>\n<p>        <img decoding=\"async\" src=\"\/wp-content\/uploads\/2019\/06\/tuukkalantila-huoneistojen-keittio2.jpg\" alt=\"Tuukkalan tila, K\u00fcche\"><\/p>\n<h3>Tuukkalan tila, K\u00fcche<\/h3>\n<\/li>\n<li>\n<p>        <img decoding=\"async\" src=\"\/wp-content\/uploads\/2019\/06\/tuukkalantila-huoneistojen-keittio.jpg\" alt=\"Tuukkalan tila, K\u00fcche\"><\/p>\n<h3>Tuukkalan tila, K\u00fcche<\/h3>\n<\/li>\n<li>\n<p>        <img decoding=\"async\" src=\"\/wp-content\/uploads\/2019\/06\/tuukkalantila-sauna.jpg\" alt=\"Tuukkalan tila, Sauna\"><\/p>\n<h3>Tuukkalan tila, sauna<\/h3>\n<\/li>\n<li>\n<p>        <img decoding=\"async\" src=\"\/wp-content\/uploads\/2019\/06\/tuukkalantila-saunan-pesuaineet.jpg\" alt=\"Tuukkalan tila sauna\"><\/p>\n<h3>Tuukkalan tila sauna<\/h3>\n<\/li>\n<li>\n<p>        <img decoding=\"async\" src=\"\/wp-content\/uploads\/2019\/06\/tuukkalantila-saunan-pukuhuone.jpg\" alt=\"Tuukkalan tila sauna\"><\/p>\n<h3>Tuukkalan tila sauna<\/h3>\n<\/li>\n<\/ul>\n<p><!--more--><br \/>\n<!-- {\"children\":[{\"type\":\"section\",\"props\":{\"image\":\"wp-content\\\/uploads\\\/2019\\\/06\\\/tuukkalantila-huone-iso.jpg\",\"image_position\":\"center-center\",\"image_size\":\"cover\",\"media_overlay\":\"rgba(0, 0, 0, 0.19)\",\"padding\":\"xlarge\",\"style\":\"default\",\"text_color\":\"light\",\"title_breakpoint\":\"xl\",\"title_position\":\"top-left\",\"title_rotation\":\"left\",\"vertical_align\":\"\",\"width\":\"large\"},\"children\":[{\"type\":\"row\",\"children\":[{\"type\":\"column\",\"props\":{\"image_position\":\"center-center\",\"position_sticky_breakpoint\":\"m\",\"width_medium\":\"1-1\"},\"children\":[{\"type\":\"headline\",\"props\":{\"content\":\"Appartements\",\"title_element\":\"h1\",\"title_style\":\"heading-large\"}}]}]}]},{\"name\":\"Hero\",\"type\":\"section\",\"props\":{\"animation_delay\":false,\"image_position\":\"center-center\",\"overlap\":false,\"padding_remove_top\":false,\"style\":\"default\",\"title_breakpoint\":\"xl\",\"title_position\":\"top-left\",\"title_rotation\":\"left\",\"vertical_align\":\"\",\"width\":\"\"},\"children\":[{\"type\":\"row\",\"props\":{\"layout\":\"1-2,1-2\",\"width\":\"large\"},\"children\":[{\"type\":\"column\",\"props\":{\"image_position\":\"center-center\",\"position_sticky_breakpoint\":\"m\",\"width_small\":\"1-2\"},\"children\":[{\"type\":\"text\",\"props\":{\"column_breakpoint\":\"l\",\"column_divider\":false,\"content\":\"\n\n<p>In den Appartements drei separate, abschlie\\u00dfbare Zimmer auf zwei Stockwerken, K\\u00fcche, Au\\u00dfenterrasse und Badezimmer in beiden Stockwerken. Tv und frei WiFi.<\\\/p>\\n\n\n<p class=\\\"p1\\\"><span class=\\\"s1\\\">Im Sommer wird den G\\u00e4sten das Bauernfr\\u00fchst\\u00fcck im Hauptgeb\\u00e4ude serviert. Zu anderen Zeiten nach Absprache.<\\\/span><\\\/p>\\n\n\n<p>Reisebett f\\u00fcr kleine Kinder ist erh\\u00e4ltlich.<br \\\/><br \\\/><\\\/p>\",\"margin\":\"default\",\"maxwidth\":\"2xlarge\",\"text_align_fallback\":\"left\"}}]},{\"type\":\"column\",\"props\":{\"image_position\":\"center-center\",\"position_sticky_breakpoint\":\"m\",\"width_small\":\"1-2\"},\"children\":[{\"type\":\"text\",\"props\":{\"column_breakpoint\":\"l\",\"column_divider\":false,\"content\":\"\n\n<h3>Zimmer 1 (Pomona) und 2 (Valo): zwei Betten und zwei Zustellbetten<\\\/h3>\\n\n\n<p>Betten mit Federkernmatratzen, zwei Zusatzbetten, Klimaanlage, Heizung.<\\\/p>\\n\n\n<h3>Zimmer 3 (Kielo): Zwei Betten<\\\/h3>\\n\n\n<p>Betten mit Federkernmatratzen, Klimaanlage, Heizung.<\\\/p>\\n\n\n<h5>Check-in Zeit ist 16.00 bis 20.00 Uhr<\\\/h5>\\n\n\n<p>Wenn Sie fr\\u00fcher anreisen, kontaktieren Sie uns bitte<br \\\/>Abend- und Nachtzuschlag 15 \\u20ac<\\\/p>\",\"margin\":\"default\",\"maxwidth\":\"2xlarge\",\"text_align_fallback\":\"left\"}}]}]},{\"type\":\"row\",\"props\":{\"width\":\"small\"},\"children\":[{\"type\":\"column\",\"props\":{\"image_position\":\"center-center\",\"position_sticky_breakpoint\":\"m\"},\"children\":[{\"type\":\"text\",\"props\":{\"column_breakpoint\":\"m\",\"content\":\"<johku-widget id=\\\"kaidankiho\\\/b98037da8010efe6\\\" locale=\\\"de_DE\\\"><\\\/johku-widget>\",\"margin\":\"default\"}}]}]}]},{\"type\":\"section\",\"props\":{\"image_position\":\"center-center\",\"padding\":\"small\",\"style\":\"muted\",\"title_breakpoint\":\"xl\",\"title_position\":\"top-left\",\"title_rotation\":\"left\",\"vertical_align\":\"\",\"width\":\"large\"},\"children\":[{\"type\":\"row\",\"children\":[{\"type\":\"column\",\"props\":{\"image_position\":\"center-center\",\"position_sticky_breakpoint\":\"m\",\"width_medium\":\"1-1\"}}]},{\"type\":\"row\",\"props\":{\"layout\":\"1-2,1-2\"},\"children\":[{\"type\":\"column\",\"props\":{\"image_position\":\"center-center\",\"position_sticky_breakpoint\":\"m\",\"width_medium\":\"1-2\"},\"children\":[{\"type\":\"text\",\"props\":{\"column_breakpoint\":\"m\",\"content\":\"\n\n<h2>Preise die Sommerzeit 1.6. - 31.8.<\\\/h2>\\n\n\n<ul>\\n\n\n<li>Einzelzimmer ab 80 \\u20ac \\\/ Nacht<\\\/li>\\n\n\n<li>Doppelzimmer ab 115 \\u20ac \\\/ Nacht\\n\n\n<ul>\\n\n\n<li>Zusatzbetten Erwachsene 35 \\u20ac \\\/ Nacht<\\\/li>\\n\n\n<li>Zusatzbetten 2 -12 -J\\u00e4hrige 22 \\u20ac \\\/ Nacht<\\\/li>\\n<\\\/ul>\\n<\\\/li>\\n\n\n<li>unter 2-J\\u00e4hrige umsonst<\\\/li>\\n\n\n<li>sauna 19 \\u20ac \\\/ 50 min.<\\\/li>\\n<\\\/ul>\\n\n\n<p>Enth\\u00e4lt ein reichhaltiges Bauernfr\\u00fchst\\u00fcck.<br \\\/><br \\\/>Bezahlung in bar oder im Voraus per Bank\\u00fcberweisung.<\\\/p>\",\"margin\":\"default\"}}]},{\"type\":\"column\",\"props\":{\"image_position\":\"center-center\",\"position_sticky_breakpoint\":\"m\",\"width_medium\":\"1-2\"},\"children\":[{\"type\":\"text\",\"props\":{\"column_breakpoint\":\"m\",\"content\":\"\n\n<h2>Preise 1.9. - 31.5.<\\\/h2>\\n\n\n<ul>\\n\n\n<li>Einzelzimmer ab 62 \\u20ac \\\/ Nacht<\\\/li>\\n\n\n<li>Doppelzimmer ab 87 \\u20ac \\\/ Nacht\\n\n\n<ul>\\n\n\n<li>Zusatzbetten Erwacchsene 30 \\u20ac \\\/ Nacht<\\\/li>\\n\n\n<li>Zusatzbetten 2 -12 -J\\u00e4hrige 15 \\u20ac \\\/ Nacht<\\\/li>\\n<\\\/ul>\\n<\\\/li>\\n\n\n<li>unter 2-J\\u00e4hrige umsonst<\\\/li>\\n<\\\/ul>\",\"margin\":\"default\"}}]}]}]},{\"type\":\"section\",\"props\":{\"image_position\":\"center-center\",\"style\":\"default\",\"title_breakpoint\":\"xl\",\"title_position\":\"top-left\",\"title_rotation\":\"left\",\"vertical_align\":\"\",\"width\":\"default\"},\"children\":[{\"type\":\"row\",\"children\":[{\"type\":\"column\",\"props\":{\"image_position\":\"center-center\",\"position_sticky_breakpoint\":\"m\"},\"children\":[{\"type\":\"gallery\",\"props\":{\"filter_align\":\"left\",\"filter_all\":true,\"filter_grid_breakpoint\":\"m\",\"filter_grid_width\":\"auto\",\"filter_position\":\"top\",\"filter_style\":\"tab\",\"grid_column_gap\":\"small\",\"grid_default\":\"1\",\"grid_medium\":\"5\",\"grid_row_gap\":\"small\",\"grid_small\":\"3\",\"image_height\":\"533\",\"image_width\":\"800\",\"item_animation\":true,\"lightbox\":true,\"link_style\":\"default\",\"link_text\":\"\",\"margin\":\"default\",\"meta_align\":\"below-title\",\"meta_element\":\"div\",\"meta_style\":\"text-meta\",\"overlay_hover\":false,\"overlay_link\":true,\"overlay_mode\":\"caption\",\"overlay_position\":\"center\",\"overlay_style\":\"\",\"overlay_transition\":\"fade\",\"parallax_easing\":\"1\",\"show_content\":false,\"show_hover_image\":false,\"show_hover_video\":true,\"show_link\":true,\"show_meta\":false,\"show_title\":false,\"text_align\":\"center\",\"text_color\":\"light\",\"title_element\":\"h3\",\"title_hover_style\":\"reset\"},\"children\":[{\"type\":\"gallery_item\",\"props\":{\"image\":\"wp-content\\\/uploads\\\/2019\\\/06\\\/tuukkalantila-huoneistojen-keittio2.jpg\",\"image_alt\":\"Tuukkalan tila, K\\u00fcche\",\"title\":\"Tuukkalan tila, K\\u00fcche\"}},{\"type\":\"gallery_item\",\"props\":{\"image\":\"wp-content\\\/uploads\\\/2019\\\/06\\\/tuukkalantila-huoneistojen-keittio.jpg\",\"image_alt\":\"Tuukkalan tila, K\\u00fcche\",\"title\":\"Tuukkalan tila, K\\u00fcche\"}},{\"type\":\"gallery_item\",\"props\":{\"image\":\"wp-content\\\/uploads\\\/2019\\\/06\\\/tuukkalantila-sauna.jpg\",\"image_alt\":\"Tuukkalan tila, Sauna\",\"title\":\"Tuukkalan tila, sauna\"}},{\"type\":\"gallery_item\",\"props\":{\"image\":\"wp-content\\\/uploads\\\/2019\\\/06\\\/tuukkalantila-saunan-pesuaineet.jpg\",\"image_alt\":\"Tuukkalan tila sauna\",\"title\":\"Tuukkalan tila sauna\"}},{\"type\":\"gallery_item\",\"props\":{\"image\":\"wp-content\\\/uploads\\\/2019\\\/06\\\/tuukkalantila-saunan-pukuhuone.jpg\",\"image_alt\":\"Tuukkalan tila sauna\",\"title\":\"Tuukkalan tila sauna\"}}]}]}]}]}],\"version\":\"4.4.12\",\"type\":\"layout\"} --><\/p>\n","protected":false},"excerpt":{"rendered":"<p>Appartements In den Appartements drei separate, abschlie\u00dfbare Zimmer auf zwei Stockwerken, K\u00fcche, Au\u00dfenterrasse und Badezimmer in beiden Stockwerken. Tv und frei WiFi. Im Sommer wird den G\u00e4sten das Bauernfr\u00fchst\u00fcck im Hauptgeb\u00e4ude serviert. Zu anderen Zeiten nach Absprache. Reisebett f\u00fcr kleine Kinder ist erh\u00e4ltlich. Zimmer 1 (Pomona) und 2 (Valo): zwei Betten und zwei Zustellbetten Betten [&hellip;]<\/p>\n","protected":false},"author":1,"featured_media":2112,"parent":2680,"menu_order":0,"comment_status":"closed","ping_status":"closed","template":"","meta":{"footnotes":""},"class_list":["post-991","page","type-page","status-publish","has-post-thumbnail","hentry"],"yoast_head":"<!-- This site is optimized with the Yoast SEO plugin v27.2 - https:\/\/yoast.com\/product\/yoast-seo-wordpress\/ -->\n<title>Appartements - Tuukkala-Bauernhof, Mikkeli, Finnland<\/title>\n<meta name=\"description\" content=\"In den Appartements drei separate, abschlie\u00dfbare Zimmer auf zwei Stockwerken, K\u00fcche, Au\u00dfenterrasse und Badezimmer in beiden Stockwerken.\" \/>\n<meta name=\"robots\" content=\"index, follow, max-snippet:-1, max-image-preview:large, max-video-preview:-1\" \/>\n<link rel=\"canonical\" href=\"https:\/\/tuukkalantila.com\/majoitus\/huoneet\/\" \/>\n<meta property=\"og:locale\" content=\"de_DE\" \/>\n<meta property=\"og:type\" content=\"article\" \/>\n<meta property=\"og:title\" content=\"Appartements - Tuukkala-Bauernhof, Mikkeli, Finnland\" \/>\n<meta property=\"og:description\" content=\"In den Appartements drei separate, abschlie\u00dfbare Zimmer auf zwei Stockwerken, K\u00fcche, Au\u00dfenterrasse und Badezimmer in beiden Stockwerken.\" \/>\n<meta property=\"og:url\" content=\"https:\/\/tuukkalantila.com\/majoitus\/huoneet\/\" \/>\n<meta property=\"og:site_name\" content=\"Tuukkala-Bauernhof, Mikkeli, Finnland\" \/>\n<meta property=\"article:publisher\" content=\"https:\/\/www.facebook.com\/TuukkalanTila\/\" \/>\n<meta property=\"article:modified_time\" content=\"2025-02-05T10:26:55+00:00\" \/>\n<meta property=\"og:image\" content=\"https:\/\/tuukkalantila.com\/wp-content\/uploads\/2019\/06\/tuukkalantila-huone.jpg\" \/>\n\t<meta property=\"og:image:width\" content=\"800\" \/>\n\t<meta property=\"og:image:height\" content=\"533\" \/>\n\t<meta property=\"og:image:type\" content=\"image\/jpeg\" \/>\n<meta name=\"twitter:card\" content=\"summary_large_image\" \/>\n<meta name=\"twitter:label1\" content=\"Gesch\u00e4tzte Lesezeit\" \/>\n\t<meta name=\"twitter:data1\" content=\"5\u00a0Minuten\" \/>\n<script type=\"application\/ld+json\" class=\"yoast-schema-graph\">{\"@context\":\"https:\/\/schema.org\",\"@graph\":[{\"@type\":\"WebPage\",\"@id\":\"https:\/\/tuukkalantila.com\/majoitus\/huoneet\/\",\"url\":\"https:\/\/tuukkalantila.com\/majoitus\/huoneet\/\",\"name\":\"Appartements - Tuukkala-Bauernhof, Mikkeli, Finnland\",\"isPartOf\":{\"@id\":\"https:\/\/tuukkalantila.com\/#website\"},\"primaryImageOfPage\":{\"@id\":\"https:\/\/tuukkalantila.com\/majoitus\/huoneet\/#primaryimage\"},\"image\":{\"@id\":\"https:\/\/tuukkalantila.com\/majoitus\/huoneet\/#primaryimage\"},\"thumbnailUrl\":\"https:\/\/tuukkalantila.com\/wp-content\/uploads\/2019\/06\/tuukkalantila-huone.jpg\",\"datePublished\":\"2019-05-16T13:19:10+00:00\",\"dateModified\":\"2025-02-05T10:26:55+00:00\",\"description\":\"In den Appartements drei separate, abschlie\u00dfbare Zimmer auf zwei Stockwerken, K\u00fcche, Au\u00dfenterrasse und Badezimmer in beiden Stockwerken.\",\"breadcrumb\":{\"@id\":\"https:\/\/tuukkalantila.com\/majoitus\/huoneet\/#breadcrumb\"},\"inLanguage\":\"de\",\"potentialAction\":[{\"@type\":\"ReadAction\",\"target\":[\"https:\/\/tuukkalantila.com\/majoitus\/huoneet\/\"]}]},{\"@type\":\"ImageObject\",\"inLanguage\":\"de\",\"@id\":\"https:\/\/tuukkalantila.com\/majoitus\/huoneet\/#primaryimage\",\"url\":\"https:\/\/tuukkalantila.com\/wp-content\/uploads\/2019\/06\/tuukkalantila-huone.jpg\",\"contentUrl\":\"https:\/\/tuukkalantila.com\/wp-content\/uploads\/2019\/06\/tuukkalantila-huone.jpg\",\"width\":800,\"height\":533,\"caption\":\"aamiaismajoitusta Mikkelin Ristiinassa\"},{\"@type\":\"BreadcrumbList\",\"@id\":\"https:\/\/tuukkalantila.com\/majoitus\/huoneet\/#breadcrumb\",\"itemListElement\":[{\"@type\":\"ListItem\",\"position\":1,\"name\":\"Home\",\"item\":\"https:\/\/tuukkalantila.com\/\"},{\"@type\":\"ListItem\",\"position\":2,\"name\":\"Bed and Breakfast\",\"item\":\"https:\/\/tuukkalantila.com\/majoitus\/\"},{\"@type\":\"ListItem\",\"position\":3,\"name\":\"Appartements\"}]},{\"@type\":\"WebSite\",\"@id\":\"https:\/\/tuukkalantila.com\/#website\",\"url\":\"https:\/\/tuukkalantila.com\/\",\"name\":\"Tuukkalan tila, Mikkelin Ristiinassa\",\"description\":\"aamiaismajoitusta Mikkelin Ristiinassa\",\"publisher\":{\"@id\":\"https:\/\/tuukkalantila.com\/#organization\"},\"potentialAction\":[{\"@type\":\"SearchAction\",\"target\":{\"@type\":\"EntryPoint\",\"urlTemplate\":\"https:\/\/tuukkalantila.com\/?s={search_term_string}\"},\"query-input\":{\"@type\":\"PropertyValueSpecification\",\"valueRequired\":true,\"valueName\":\"search_term_string\"}}],\"inLanguage\":\"de\"},{\"@type\":\"Organization\",\"@id\":\"https:\/\/tuukkalantila.com\/#organization\",\"name\":\"Tuukkalan tila\",\"url\":\"https:\/\/tuukkalantila.com\/\",\"logo\":{\"@type\":\"ImageObject\",\"inLanguage\":\"de\",\"@id\":\"https:\/\/tuukkalantila.com\/#\/schema\/logo\/image\/\",\"url\":\"https:\/\/tuukkalantila.com\/wp-content\/uploads\/2019\/06\/tuukkalantila-logo2.png\",\"contentUrl\":\"https:\/\/tuukkalantila.com\/wp-content\/uploads\/2019\/06\/tuukkalantila-logo2.png\",\"width\":220,\"height\":106,\"caption\":\"Tuukkalan tila\"},\"image\":{\"@id\":\"https:\/\/tuukkalantila.com\/#\/schema\/logo\/image\/\"},\"sameAs\":[\"https:\/\/www.facebook.com\/TuukkalanTila\/\",\"https:\/\/www.instagram.com\/tuukkalantila\/\"]}]}<\/script>\n<!-- \/ Yoast SEO plugin. -->","yoast_head_json":{"title":"Appartements - Tuukkala-Bauernhof, Mikkeli, Finnland","description":"In den Appartements drei separate, abschlie\u00dfbare Zimmer auf zwei Stockwerken, K\u00fcche, Au\u00dfenterrasse und Badezimmer in beiden Stockwerken.","robots":{"index":"index","follow":"follow","max-snippet":"max-snippet:-1","max-image-preview":"max-image-preview:large","max-video-preview":"max-video-preview:-1"},"canonical":"https:\/\/tuukkalantila.com\/majoitus\/huoneet\/","og_locale":"de_DE","og_type":"article","og_title":"Appartements - Tuukkala-Bauernhof, Mikkeli, Finnland","og_description":"In den Appartements drei separate, abschlie\u00dfbare Zimmer auf zwei Stockwerken, K\u00fcche, Au\u00dfenterrasse und Badezimmer in beiden Stockwerken.","og_url":"https:\/\/tuukkalantila.com\/majoitus\/huoneet\/","og_site_name":"Tuukkala-Bauernhof, Mikkeli, Finnland","article_publisher":"https:\/\/www.facebook.com\/TuukkalanTila\/","article_modified_time":"2025-02-05T10:26:55+00:00","og_image":[{"width":800,"height":533,"url":"https:\/\/tuukkalantila.com\/wp-content\/uploads\/2019\/06\/tuukkalantila-huone.jpg","type":"image\/jpeg"}],"twitter_card":"summary_large_image","twitter_misc":{"Gesch\u00e4tzte Lesezeit":"5\u00a0Minuten"},"schema":{"@context":"https:\/\/schema.org","@graph":[{"@type":"WebPage","@id":"https:\/\/tuukkalantila.com\/majoitus\/huoneet\/","url":"https:\/\/tuukkalantila.com\/majoitus\/huoneet\/","name":"Appartements - Tuukkala-Bauernhof, Mikkeli, Finnland","isPartOf":{"@id":"https:\/\/tuukkalantila.com\/#website"},"primaryImageOfPage":{"@id":"https:\/\/tuukkalantila.com\/majoitus\/huoneet\/#primaryimage"},"image":{"@id":"https:\/\/tuukkalantila.com\/majoitus\/huoneet\/#primaryimage"},"thumbnailUrl":"https:\/\/tuukkalantila.com\/wp-content\/uploads\/2019\/06\/tuukkalantila-huone.jpg","datePublished":"2019-05-16T13:19:10+00:00","dateModified":"2025-02-05T10:26:55+00:00","description":"In den Appartements drei separate, abschlie\u00dfbare Zimmer auf zwei Stockwerken, K\u00fcche, Au\u00dfenterrasse und Badezimmer in beiden Stockwerken.","breadcrumb":{"@id":"https:\/\/tuukkalantila.com\/majoitus\/huoneet\/#breadcrumb"},"inLanguage":"de","potentialAction":[{"@type":"ReadAction","target":["https:\/\/tuukkalantila.com\/majoitus\/huoneet\/"]}]},{"@type":"ImageObject","inLanguage":"de","@id":"https:\/\/tuukkalantila.com\/majoitus\/huoneet\/#primaryimage","url":"https:\/\/tuukkalantila.com\/wp-content\/uploads\/2019\/06\/tuukkalantila-huone.jpg","contentUrl":"https:\/\/tuukkalantila.com\/wp-content\/uploads\/2019\/06\/tuukkalantila-huone.jpg","width":800,"height":533,"caption":"aamiaismajoitusta Mikkelin Ristiinassa"},{"@type":"BreadcrumbList","@id":"https:\/\/tuukkalantila.com\/majoitus\/huoneet\/#breadcrumb","itemListElement":[{"@type":"ListItem","position":1,"name":"Home","item":"https:\/\/tuukkalantila.com\/"},{"@type":"ListItem","position":2,"name":"Bed and Breakfast","item":"https:\/\/tuukkalantila.com\/majoitus\/"},{"@type":"ListItem","position":3,"name":"Appartements"}]},{"@type":"WebSite","@id":"https:\/\/tuukkalantila.com\/#website","url":"https:\/\/tuukkalantila.com\/","name":"Tuukkalan tila, Mikkelin Ristiinassa","description":"aamiaismajoitusta Mikkelin Ristiinassa","publisher":{"@id":"https:\/\/tuukkalantila.com\/#organization"},"potentialAction":[{"@type":"SearchAction","target":{"@type":"EntryPoint","urlTemplate":"https:\/\/tuukkalantila.com\/?s={search_term_string}"},"query-input":{"@type":"PropertyValueSpecification","valueRequired":true,"valueName":"search_term_string"}}],"inLanguage":"de"},{"@type":"Organization","@id":"https:\/\/tuukkalantila.com\/#organization","name":"Tuukkalan tila","url":"https:\/\/tuukkalantila.com\/","logo":{"@type":"ImageObject","inLanguage":"de","@id":"https:\/\/tuukkalantila.com\/#\/schema\/logo\/image\/","url":"https:\/\/tuukkalantila.com\/wp-content\/uploads\/2019\/06\/tuukkalantila-logo2.png","contentUrl":"https:\/\/tuukkalantila.com\/wp-content\/uploads\/2019\/06\/tuukkalantila-logo2.png","width":220,"height":106,"caption":"Tuukkalan tila"},"image":{"@id":"https:\/\/tuukkalantila.com\/#\/schema\/logo\/image\/"},"sameAs":["https:\/\/www.facebook.com\/TuukkalanTila\/","https:\/\/www.instagram.com\/tuukkalantila\/"]}]}},"_links":{"self":[{"href":"https:\/\/tuukkalantila.com\/de\/wp-json\/wp\/v2\/pages\/991","targetHints":{"allow":["GET"]}}],"collection":[{"href":"https:\/\/tuukkalantila.com\/de\/wp-json\/wp\/v2\/pages"}],"about":[{"href":"https:\/\/tuukkalantila.com\/de\/wp-json\/wp\/v2\/types\/page"}],"author":[{"embeddable":true,"href":"https:\/\/tuukkalantila.com\/de\/wp-json\/wp\/v2\/users\/1"}],"replies":[{"embeddable":true,"href":"https:\/\/tuukkalantila.com\/de\/wp-json\/wp\/v2\/comments?post=991"}],"version-history":[{"count":72,"href":"https:\/\/tuukkalantila.com\/de\/wp-json\/wp\/v2\/pages\/991\/revisions"}],"predecessor-version":[{"id":113118,"href":"https:\/\/tuukkalantila.com\/de\/wp-json\/wp\/v2\/pages\/991\/revisions\/113118"}],"up":[{"embeddable":true,"href":"https:\/\/tuukkalantila.com\/de\/wp-json\/wp\/v2\/pages\/2680"}],"wp:featuredmedia":[{"embeddable":true,"href":"https:\/\/tuukkalantila.com\/de\/wp-json\/wp\/v2\/media\/2112"}],"wp:attachment":[{"href":"https:\/\/tuukkalantila.com\/de\/wp-json\/wp\/v2\/media?parent=991"}],"curies":[{"name":"wp","href":"https:\/\/api.w.org\/{rel}","templated":true}]}}