{"id":994,"date":"2019-05-22T13:14:16","date_gmt":"2019-05-22T10:14:16","guid":{"rendered":"http:\/\/davas.site\/kaidankiho\/kilpikonna\/"},"modified":"2025-02-05T12:27:52","modified_gmt":"2025-02-05T10:27:52","slug":"hutten","status":"publish","type":"page","link":"https:\/\/tuukkalantila.com\/de\/bed-breakfast\/hutten\/","title":{"rendered":"H\u00fctten"},"content":{"rendered":"<h1>H\u00fctten<\/h1>\n<div>\n<p>Im Sommer \u00dcbernachtungsm\u00f6glichkeit in romantischen H\u00fctten mit Bed and Breakfast.<\/p>\n<\/div>\n<div>\n<ul>\n<li>Zwei gepflegte, abschlie\u00dfbare H\u00fctten aus Blockbohlen, elektrisches Licht, die K\u00fcche und die Badezimmer der Appartements stehen zur Verf\u00fcgung.<\/li>\n<li>Reisebett f\u00fcr kleine Kinder ist erh\u00e4ltlich.<\/li>\n<li>Enth\u00e4lt Bettw\u00e4sche komplett bezogen und ein reichhaltiges Bauernfr\u00fchst\u00fcck.<\/li>\n<li>Keine Heizung<\/li>\n<\/ul>\n<\/div>\n<div>\n<p><strong>H\u00fctte 1, Vili: <\/strong>3 Betten mit Federkernmatratzen, K\u00fchlschrank<\/p>\n<p><strong>H\u00fctte 2, Tarmo:<\/strong> 1 Doppelbett mit Federkernmatratze, Kinderbett, K\u00fchlschrank<\/p>\n<p>Ein reichhaltiges Bauernfr\u00fchst\u00fcck wird auf der verglasten Veranda des Hauses serviert im Sommer.<\/p>\n<p>Es besteht auch die M\u00f6glichkeit, eine Sauna zu reservieren.<\/p>\n<\/div>\n<div><johku-widget id=\"kaidankiho\/0594bef506c3ecb3\" locale=\"de_DE\"><\/johku-widget><\/div>\n<div>\n<h3>Preise 1. Juni &#8211; 31. August<\/h3>\n<p>Enth\u00e4lt Bettw\u00e4sche komplett bezogen und ein reichhaltiges Bauernfr\u00fchst\u00fcck.<\/p>\n<ul>\n<li>Einzelzimmer ab 80 \u20ac \/ Nacht<\/li>\n<li>Doppelzimmer ab 115 \u20ac \/ Nacht<\/li>\n<li>Zusatzbetten Erwachsene 35 \u20ac \/ Nacht<\/li>\n<li>Zusatzbetten 2 -12 -J\u00e4hrige 22 \u20ac \/ Nacht<br \/>unter 2-J\u00e4hrige umsonst<\/li>\n<li>sauna 19 \u20ac \/ 50 min.<\/li>\n<\/ul>\n<h5>Check-in Zeit ist 16.00 bis 20.00 Uhr<\/h5>\n<p>Wenn Sie fr\u00fcher anreisen, kontaktieren Sie uns bitte<br \/>Abend- und Nachtzuschlag 15 \u20ac<\/p>\n<\/div>\n<ul>\n<li>\n<p>        <img decoding=\"async\" src=\"\/wp-content\/uploads\/2019\/06\/tuukkalantila-aitta-ulkoa.jpg\" alt=\"Tuukkalan tila h\u00fctten\"><\/p>\n<h3>Tuukkalan tila h\u00fctten<\/h3>\n<\/li>\n<li>\n<p>        <img decoding=\"async\" src=\"\/wp-content\/uploads\/2019\/06\/tuukkalantila-motoristit-aittamajoitus.jpg\" alt=\"Tuukkalan tila h\u00fctten\"><\/p>\n<h3>Tuukkalan tila h\u00fctten<\/h3>\n<\/li>\n<li>\n<p>        <img decoding=\"async\" src=\"\/wp-content\/uploads\/2019\/06\/tuukkalantilan-kanoja.jpg\" alt=\"Tuukkalan tila, H\u00fchner\"><\/p>\n<h3>Tuukkalan tila, H\u00fchner<\/h3>\n<\/li>\n<li>\n<p>        <img decoding=\"async\" src=\"\/wp-content\/uploads\/2019\/06\/tuukkalantila-aamiaispoyta.jpg\" alt=\"Tuukkalan tila, fr\u00fchst\u00fccken\"><\/p>\n<h3>Tuukkalan tila, fr\u00fchst\u00fccken<\/h3>\n<\/li>\n<li>\n<p>        <img decoding=\"async\" src=\"\/wp-content\/uploads\/2019\/06\/tuukkalantila-saunan-pesuaineet.jpg\" alt=\"Tuukkalan tila, sauna\"><\/p>\n<h3>Tuukkalan tila, sauna<\/h3>\n<\/li>\n<li>\n<p>        <img decoding=\"async\" src=\"\/wp-content\/uploads\/2019\/06\/tuukkalantila-sauna.jpg\" alt=\"Tuukkalan tila, sauna\"><\/p>\n<h3>Tuukkalan tila, sauna<\/h3>\n<\/li>\n<li>\n<p>        <img decoding=\"async\" src=\"\/wp-content\/uploads\/2019\/06\/tuukkalantila-saunan-pukuhuone.jpg\" alt=\"Tuukkalan tila, sauna\"><\/p>\n<h3>Tuukkalan tila, sauna<\/h3>\n<\/li>\n<li>\n<p>        <img decoding=\"async\" src=\"\/wp-content\/uploads\/2019\/06\/tuukkalantila-huoneistojen-keittio.jpg\" alt=\"\"><\/p>\n<h3>tuukkalantila-huoneistojen-keittio<\/h3>\n<\/li>\n<\/ul>\n<p><!--more--><br \/>\n<!-- {\"name\":\"Tuotekortti\",\"type\":\"layout\",\"children\":[{\"type\":\"section\",\"props\":{\"image\":\"wp-content\\\/uploads\\\/2019\\\/06\\\/tuukkalantila-aitta2.jpg\",\"image_position\":\"center-center\",\"image_size\":\"cover\",\"media_overlay\":\"rgba(0, 0, 0, 0.19)\",\"padding\":\"xlarge\",\"style\":\"default\",\"text_color\":\"light\",\"title_breakpoint\":\"xl\",\"title_position\":\"top-left\",\"title_rotation\":\"left\",\"vertical_align\":\"\",\"width\":\"large\"},\"children\":[{\"type\":\"row\",\"children\":[{\"type\":\"column\",\"props\":{\"image_position\":\"center-center\",\"position_sticky_breakpoint\":\"m\",\"width_medium\":\"1-1\"},\"children\":[{\"type\":\"headline\",\"props\":{\"content\":\"H\\u00fctten\",\"title_element\":\"h1\",\"title_style\":\"heading-large\"}}]}]}]},{\"name\":\"Hero\",\"type\":\"section\",\"props\":{\"animation_delay\":false,\"image_position\":\"center-center\",\"overlap\":false,\"padding_remove_top\":false,\"style\":\"default\",\"title_breakpoint\":\"xl\",\"title_position\":\"top-left\",\"title_rotation\":\"left\",\"vertical_align\":\"\",\"width\":\"\"},\"children\":[{\"type\":\"row\",\"props\":{\"layout\":\"1-2,1-2\",\"margin\":\"large\",\"margin_remove_top\":true,\"width\":\"large\"},\"children\":[{\"type\":\"column\",\"props\":{\"image_position\":\"center-center\",\"position_sticky_breakpoint\":\"m\",\"width_small\":\"1-2\"},\"children\":[{\"type\":\"text\",\"props\":{\"column_breakpoint\":\"m\",\"content\":\"\n\n<p>Im Sommer \\u00dcbernachtungsm\\u00f6glichkeit in romantischen H\\u00fctten mit Bed and Breakfast.<\\\/p>\",\"margin\":\"default\",\"text_style\":\"large\"}},{\"type\":\"text\",\"props\":{\"column_breakpoint\":\"l\",\"column_divider\":false,\"content\":\"\n\n<ul>\\n\n\n<li>Zwei gepflegte, abschlie\\u00dfbare H\\u00fctten aus Blockbohlen, elektrisches Licht, die K\\u00fcche und die Badezimmer der Appartements stehen zur Verf\\u00fcgung.<\\\/li>\\n\n\n<li>Reisebett f\\u00fcr kleine Kinder ist erh\\u00e4ltlich.<\\\/li>\\n\n\n<li>Enth\\u00e4lt Bettw\\u00e4sche komplett bezogen und ein reichhaltiges Bauernfr\\u00fchst\\u00fcck.<\\\/li>\\n\n\n<li>Keine Heizung<\\\/li>\\n<\\\/ul>\",\"margin\":\"default\",\"maxwidth\":\"2xlarge\",\"text_align_fallback\":\"left\"}}]},{\"type\":\"column\",\"props\":{\"image_position\":\"center-center\",\"position_sticky_breakpoint\":\"m\",\"width_small\":\"1-2\"},\"children\":[{\"type\":\"text\",\"props\":{\"column_breakpoint\":\"l\",\"column_divider\":false,\"content\":\"\n\n<p><strong>H\\u00fctte 1, Vili: <\\\/strong>3 Betten mit Federkernmatratzen, K\\u00fchlschrank<\\\/p>\\n\n\n<p><strong>H\\u00fctte 2, Tarmo:<\\\/strong> 1 Doppelbett mit Federkernmatratze, Kinderbett, K\\u00fchlschrank<\\\/p>\\n\n\n<p>Ein reichhaltiges Bauernfr\\u00fchst\\u00fcck wird auf der verglasten Veranda des Hauses serviert im Sommer.<\\\/p>\\n\n\n<p>Es besteht auch die M\\u00f6glichkeit, eine Sauna zu reservieren.<\\\/p>\",\"margin\":\"default\",\"maxwidth\":\"2xlarge\",\"text_align_fallback\":\"left\"}}]}]},{\"type\":\"row\",\"props\":{\"layout\":\"1-2,1-2\",\"width\":\"large\"},\"children\":[{\"type\":\"column\",\"props\":{\"image_position\":\"center-center\",\"padding\":\"xsmall\",\"position_sticky_breakpoint\":\"m\",\"preserve_color\":false,\"width_medium\":\"1-2\"},\"children\":[{\"type\":\"text\",\"props\":{\"column_breakpoint\":\"m\",\"content\":\"<johku-widget id=\\\"kaidankiho\\\/0594bef506c3ecb3\\\" locale=\\\"de_DE\\\"><\\\/johku-widget>\",\"margin\":\"default\"}}]},{\"type\":\"column\",\"props\":{\"image_position\":\"center-center\",\"padding\":\"xsmall\",\"position_sticky_breakpoint\":\"m\",\"width_medium\":\"1-2\"},\"children\":[{\"type\":\"text\",\"props\":{\"column_breakpoint\":\"m\",\"content\":\"\n\n<h3>Preise 1. Juni - 31. August<\\\/h3>\\n\n\n<p>Enth\\u00e4lt Bettw\\u00e4sche komplett bezogen und ein reichhaltiges Bauernfr\\u00fchst\\u00fcck.<\\\/p>\\n\n\n<ul>\\n\n\n<li>Einzelzimmer ab 80 \\u20ac \\\/ Nacht<\\\/li>\\n\n\n<li>Doppelzimmer ab 115 \\u20ac \\\/ Nacht<\\\/li>\\n\n\n<li>Zusatzbetten Erwachsene 35 \\u20ac \\\/ Nacht<\\\/li>\\n\n\n<li>Zusatzbetten 2 -12 -J\\u00e4hrige 22 \\u20ac \\\/ Nacht<br \\\/>unter 2-J\\u00e4hrige umsonst<\\\/li>\\n\n\n<li>sauna 19 \\u20ac \\\/ 50 min.<\\\/li>\\n<\\\/ul>\\n\n\n<h5>Check-in Zeit ist 16.00 bis 20.00 Uhr<\\\/h5>\\n\n\n<p>Wenn Sie fr\\u00fcher anreisen, kontaktieren Sie uns bitte<br \\\/>Abend- und Nachtzuschlag 15 \\u20ac<\\\/p>\",\"margin\":\"default\"}}]}]}]},{\"type\":\"section\",\"props\":{\"image_position\":\"center-center\",\"padding\":\"small\",\"style\":\"muted\",\"title_breakpoint\":\"xl\",\"title_position\":\"top-left\",\"title_rotation\":\"left\",\"vertical_align\":\"\",\"width\":\"large\"},\"children\":[{\"type\":\"row\",\"children\":[{\"type\":\"column\",\"props\":{\"image_position\":\"center-center\",\"position_sticky_breakpoint\":\"m\",\"width_medium\":\"1-1\"},\"children\":[{\"type\":\"gallery\",\"props\":{\"filter_align\":\"left\",\"filter_all\":true,\"filter_grid_breakpoint\":\"m\",\"filter_grid_width\":\"auto\",\"filter_position\":\"top\",\"filter_style\":\"tab\",\"grid_column_gap\":\"small\",\"grid_default\":\"1\",\"grid_medium\":\"\",\"grid_row_gap\":\"small\",\"grid_small\":\"4\",\"image_height\":\"533\",\"image_width\":\"800\",\"item_animation\":true,\"lightbox\":true,\"link_style\":\"default\",\"link_text\":\"\",\"margin\":\"default\",\"meta_align\":\"below-title\",\"meta_element\":\"div\",\"meta_style\":\"text-meta\",\"overlay_hover\":false,\"overlay_link\":true,\"overlay_mode\":\"caption\",\"overlay_position\":\"center\",\"overlay_style\":\"\",\"overlay_transition\":\"fade\",\"parallax_easing\":\"1\",\"show_content\":false,\"show_hover_image\":false,\"show_hover_video\":true,\"show_link\":true,\"show_meta\":false,\"show_title\":false,\"text_align\":\"center\",\"text_color\":\"light\",\"title_element\":\"h3\",\"title_hover_style\":\"reset\"},\"children\":[{\"type\":\"gallery_item\",\"props\":{\"image\":\"wp-content\\\/uploads\\\/2019\\\/06\\\/tuukkalantila-aitta-ulkoa.jpg\",\"image_alt\":\"Tuukkalan tila h\\u00fctten\",\"title\":\"Tuukkalan tila h\\u00fctten\"}},{\"type\":\"gallery_item\",\"props\":{\"image\":\"wp-content\\\/uploads\\\/2019\\\/06\\\/tuukkalantila-motoristit-aittamajoitus.jpg\",\"image_alt\":\"Tuukkalan tila h\\u00fctten\",\"title\":\"Tuukkalan tila h\\u00fctten\"}},{\"type\":\"gallery_item\",\"props\":{\"image\":\"wp-content\\\/uploads\\\/2019\\\/06\\\/tuukkalantilan-kanoja.jpg\",\"image_alt\":\"Tuukkalan tila, H\\u00fchner\",\"title\":\"Tuukkalan tila, H\\u00fchner\"}},{\"type\":\"gallery_item\",\"props\":{\"image\":\"wp-content\\\/uploads\\\/2019\\\/06\\\/tuukkalantila-aamiaispoyta.jpg\",\"image_alt\":\"Tuukkalan tila, fr\\u00fchst\\u00fccken\",\"title\":\"Tuukkalan tila, fr\\u00fchst\\u00fccken\"}},{\"type\":\"gallery_item\",\"props\":{\"image\":\"wp-content\\\/uploads\\\/2019\\\/06\\\/tuukkalantila-saunan-pesuaineet.jpg\",\"image_alt\":\"Tuukkalan tila, sauna\",\"title\":\"Tuukkalan tila, sauna\"}},{\"type\":\"gallery_item\",\"props\":{\"image\":\"wp-content\\\/uploads\\\/2019\\\/06\\\/tuukkalantila-sauna.jpg\",\"image_alt\":\"Tuukkalan tila, sauna\",\"title\":\"Tuukkalan tila, sauna\"}},{\"type\":\"gallery_item\",\"props\":{\"image\":\"wp-content\\\/uploads\\\/2019\\\/06\\\/tuukkalantila-saunan-pukuhuone.jpg\",\"image_alt\":\"Tuukkalan tila, sauna\",\"title\":\"Tuukkalan tila, sauna\"}},{\"type\":\"gallery_item\",\"props\":{\"image\":\"wp-content\\\/uploads\\\/2019\\\/06\\\/tuukkalantila-huoneistojen-keittio.jpg\",\"title\":\"tuukkalantila-huoneistojen-keittio\"}}]}]}]}]}],\"version\":\"4.4.12\"} --><\/p>\n","protected":false},"excerpt":{"rendered":"<p>H\u00fctten Im Sommer \u00dcbernachtungsm\u00f6glichkeit in romantischen H\u00fctten mit Bed and Breakfast. Zwei gepflegte, abschlie\u00dfbare H\u00fctten aus Blockbohlen, elektrisches Licht, die K\u00fcche und die Badezimmer der Appartements stehen zur Verf\u00fcgung. Reisebett f\u00fcr kleine Kinder ist erh\u00e4ltlich. Enth\u00e4lt Bettw\u00e4sche komplett bezogen und ein reichhaltiges Bauernfr\u00fchst\u00fcck. Keine Heizung H\u00fctte 1, Vili: 3 Betten mit Federkernmatratzen, K\u00fchlschrank H\u00fctte 2, [&hellip;]<\/p>\n","protected":false},"author":2,"featured_media":2434,"parent":2680,"menu_order":0,"comment_status":"closed","ping_status":"closed","template":"","meta":{"footnotes":""},"class_list":["post-994","page","type-page","status-publish","has-post-thumbnail","hentry"],"yoast_head":"<!-- This site is optimized with the Yoast SEO plugin v27.2 - https:\/\/yoast.com\/product\/yoast-seo-wordpress\/ -->\n<title>H\u00fctten - Tuukkala-Bauernhof, Mikkeli, Finnland<\/title>\n<meta name=\"description\" content=\"Zwei gepflegte, abschlie\u00dfbare H\u00fctten aus Blockbohlen, elektrisches Licht, die K\u00fcche und die Badezimmer der Appartements stehen zur Verf\u00fcgung.\" \/>\n<meta name=\"robots\" content=\"index, follow, max-snippet:-1, max-image-preview:large, max-video-preview:-1\" \/>\n<link rel=\"canonical\" href=\"https:\/\/tuukkalantila.com\/majoitus\/majoitus-kesaaitta\/\" \/>\n<meta property=\"og:locale\" content=\"de_DE\" \/>\n<meta property=\"og:type\" content=\"article\" \/>\n<meta property=\"og:title\" content=\"H\u00fctten - Tuukkala-Bauernhof, Mikkeli, Finnland\" \/>\n<meta property=\"og:description\" content=\"Zwei gepflegte, abschlie\u00dfbare H\u00fctten aus Blockbohlen, elektrisches Licht, die K\u00fcche und die Badezimmer der Appartements stehen zur Verf\u00fcgung.\" \/>\n<meta property=\"og:url\" content=\"https:\/\/tuukkalantila.com\/majoitus\/majoitus-kesaaitta\/\" \/>\n<meta property=\"og:site_name\" content=\"Tuukkala-Bauernhof, Mikkeli, Finnland\" \/>\n<meta property=\"article:publisher\" content=\"https:\/\/www.facebook.com\/TuukkalanTila\/\" \/>\n<meta property=\"article:modified_time\" content=\"2025-02-05T10:27:52+00:00\" \/>\n<meta property=\"og:image\" content=\"https:\/\/tuukkalantila.com\/wp-content\/uploads\/2019\/06\/tuukkalantila-aitta7-1.jpg\" \/>\n\t<meta property=\"og:image:width\" content=\"1433\" \/>\n\t<meta property=\"og:image:height\" content=\"533\" \/>\n\t<meta property=\"og:image:type\" content=\"image\/jpeg\" \/>\n<meta name=\"twitter:card\" content=\"summary_large_image\" \/>\n<meta name=\"twitter:label1\" content=\"Gesch\u00e4tzte Lesezeit\" \/>\n\t<meta name=\"twitter:data1\" content=\"6\u00a0Minuten\" \/>\n<script type=\"application\/ld+json\" class=\"yoast-schema-graph\">{\"@context\":\"https:\/\/schema.org\",\"@graph\":[{\"@type\":\"WebPage\",\"@id\":\"https:\/\/tuukkalantila.com\/majoitus\/majoitus-kesaaitta\/\",\"url\":\"https:\/\/tuukkalantila.com\/majoitus\/majoitus-kesaaitta\/\",\"name\":\"H\u00fctten - Tuukkala-Bauernhof, Mikkeli, Finnland\",\"isPartOf\":{\"@id\":\"https:\/\/tuukkalantila.com\/#website\"},\"primaryImageOfPage\":{\"@id\":\"https:\/\/tuukkalantila.com\/majoitus\/majoitus-kesaaitta\/#primaryimage\"},\"image\":{\"@id\":\"https:\/\/tuukkalantila.com\/majoitus\/majoitus-kesaaitta\/#primaryimage\"},\"thumbnailUrl\":\"https:\/\/tuukkalantila.com\/wp-content\/uploads\/2019\/06\/tuukkalantila-aitta7-1.jpg\",\"datePublished\":\"2019-05-22T10:14:16+00:00\",\"dateModified\":\"2025-02-05T10:27:52+00:00\",\"description\":\"Zwei gepflegte, abschlie\u00dfbare H\u00fctten aus Blockbohlen, elektrisches Licht, die K\u00fcche und die Badezimmer der Appartements stehen zur Verf\u00fcgung.\",\"breadcrumb\":{\"@id\":\"https:\/\/tuukkalantila.com\/majoitus\/majoitus-kesaaitta\/#breadcrumb\"},\"inLanguage\":\"de\",\"potentialAction\":[{\"@type\":\"ReadAction\",\"target\":[\"https:\/\/tuukkalantila.com\/majoitus\/majoitus-kesaaitta\/\"]}]},{\"@type\":\"ImageObject\",\"inLanguage\":\"de\",\"@id\":\"https:\/\/tuukkalantila.com\/majoitus\/majoitus-kesaaitta\/#primaryimage\",\"url\":\"https:\/\/tuukkalantila.com\/wp-content\/uploads\/2019\/06\/tuukkalantila-aitta7-1.jpg\",\"contentUrl\":\"https:\/\/tuukkalantila.com\/wp-content\/uploads\/2019\/06\/tuukkalantila-aitta7-1.jpg\",\"width\":1433,\"height\":533},{\"@type\":\"BreadcrumbList\",\"@id\":\"https:\/\/tuukkalantila.com\/majoitus\/majoitus-kesaaitta\/#breadcrumb\",\"itemListElement\":[{\"@type\":\"ListItem\",\"position\":1,\"name\":\"Home\",\"item\":\"https:\/\/tuukkalantila.com\/\"},{\"@type\":\"ListItem\",\"position\":2,\"name\":\"Bed and Breakfast\",\"item\":\"https:\/\/tuukkalantila.com\/majoitus\/\"},{\"@type\":\"ListItem\",\"position\":3,\"name\":\"H\u00fctten\"}]},{\"@type\":\"WebSite\",\"@id\":\"https:\/\/tuukkalantila.com\/#website\",\"url\":\"https:\/\/tuukkalantila.com\/\",\"name\":\"Tuukkalan tila, Mikkelin Ristiinassa\",\"description\":\"aamiaismajoitusta Mikkelin Ristiinassa\",\"publisher\":{\"@id\":\"https:\/\/tuukkalantila.com\/#organization\"},\"potentialAction\":[{\"@type\":\"SearchAction\",\"target\":{\"@type\":\"EntryPoint\",\"urlTemplate\":\"https:\/\/tuukkalantila.com\/?s={search_term_string}\"},\"query-input\":{\"@type\":\"PropertyValueSpecification\",\"valueRequired\":true,\"valueName\":\"search_term_string\"}}],\"inLanguage\":\"de\"},{\"@type\":\"Organization\",\"@id\":\"https:\/\/tuukkalantila.com\/#organization\",\"name\":\"Tuukkalan tila\",\"url\":\"https:\/\/tuukkalantila.com\/\",\"logo\":{\"@type\":\"ImageObject\",\"inLanguage\":\"de\",\"@id\":\"https:\/\/tuukkalantila.com\/#\/schema\/logo\/image\/\",\"url\":\"https:\/\/tuukkalantila.com\/wp-content\/uploads\/2019\/06\/tuukkalantila-logo2.png\",\"contentUrl\":\"https:\/\/tuukkalantila.com\/wp-content\/uploads\/2019\/06\/tuukkalantila-logo2.png\",\"width\":220,\"height\":106,\"caption\":\"Tuukkalan tila\"},\"image\":{\"@id\":\"https:\/\/tuukkalantila.com\/#\/schema\/logo\/image\/\"},\"sameAs\":[\"https:\/\/www.facebook.com\/TuukkalanTila\/\",\"https:\/\/www.instagram.com\/tuukkalantila\/\"]}]}<\/script>\n<!-- \/ Yoast SEO plugin. -->","yoast_head_json":{"title":"H\u00fctten - Tuukkala-Bauernhof, Mikkeli, Finnland","description":"Zwei gepflegte, abschlie\u00dfbare H\u00fctten aus Blockbohlen, elektrisches Licht, die K\u00fcche und die Badezimmer der Appartements stehen zur Verf\u00fcgung.","robots":{"index":"index","follow":"follow","max-snippet":"max-snippet:-1","max-image-preview":"max-image-preview:large","max-video-preview":"max-video-preview:-1"},"canonical":"https:\/\/tuukkalantila.com\/majoitus\/majoitus-kesaaitta\/","og_locale":"de_DE","og_type":"article","og_title":"H\u00fctten - Tuukkala-Bauernhof, Mikkeli, Finnland","og_description":"Zwei gepflegte, abschlie\u00dfbare H\u00fctten aus Blockbohlen, elektrisches Licht, die K\u00fcche und die Badezimmer der Appartements stehen zur Verf\u00fcgung.","og_url":"https:\/\/tuukkalantila.com\/majoitus\/majoitus-kesaaitta\/","og_site_name":"Tuukkala-Bauernhof, Mikkeli, Finnland","article_publisher":"https:\/\/www.facebook.com\/TuukkalanTila\/","article_modified_time":"2025-02-05T10:27:52+00:00","og_image":[{"width":1433,"height":533,"url":"https:\/\/tuukkalantila.com\/wp-content\/uploads\/2019\/06\/tuukkalantila-aitta7-1.jpg","type":"image\/jpeg"}],"twitter_card":"summary_large_image","twitter_misc":{"Gesch\u00e4tzte Lesezeit":"6\u00a0Minuten"},"schema":{"@context":"https:\/\/schema.org","@graph":[{"@type":"WebPage","@id":"https:\/\/tuukkalantila.com\/majoitus\/majoitus-kesaaitta\/","url":"https:\/\/tuukkalantila.com\/majoitus\/majoitus-kesaaitta\/","name":"H\u00fctten - Tuukkala-Bauernhof, Mikkeli, Finnland","isPartOf":{"@id":"https:\/\/tuukkalantila.com\/#website"},"primaryImageOfPage":{"@id":"https:\/\/tuukkalantila.com\/majoitus\/majoitus-kesaaitta\/#primaryimage"},"image":{"@id":"https:\/\/tuukkalantila.com\/majoitus\/majoitus-kesaaitta\/#primaryimage"},"thumbnailUrl":"https:\/\/tuukkalantila.com\/wp-content\/uploads\/2019\/06\/tuukkalantila-aitta7-1.jpg","datePublished":"2019-05-22T10:14:16+00:00","dateModified":"2025-02-05T10:27:52+00:00","description":"Zwei gepflegte, abschlie\u00dfbare H\u00fctten aus Blockbohlen, elektrisches Licht, die K\u00fcche und die Badezimmer der Appartements stehen zur Verf\u00fcgung.","breadcrumb":{"@id":"https:\/\/tuukkalantila.com\/majoitus\/majoitus-kesaaitta\/#breadcrumb"},"inLanguage":"de","potentialAction":[{"@type":"ReadAction","target":["https:\/\/tuukkalantila.com\/majoitus\/majoitus-kesaaitta\/"]}]},{"@type":"ImageObject","inLanguage":"de","@id":"https:\/\/tuukkalantila.com\/majoitus\/majoitus-kesaaitta\/#primaryimage","url":"https:\/\/tuukkalantila.com\/wp-content\/uploads\/2019\/06\/tuukkalantila-aitta7-1.jpg","contentUrl":"https:\/\/tuukkalantila.com\/wp-content\/uploads\/2019\/06\/tuukkalantila-aitta7-1.jpg","width":1433,"height":533},{"@type":"BreadcrumbList","@id":"https:\/\/tuukkalantila.com\/majoitus\/majoitus-kesaaitta\/#breadcrumb","itemListElement":[{"@type":"ListItem","position":1,"name":"Home","item":"https:\/\/tuukkalantila.com\/"},{"@type":"ListItem","position":2,"name":"Bed and Breakfast","item":"https:\/\/tuukkalantila.com\/majoitus\/"},{"@type":"ListItem","position":3,"name":"H\u00fctten"}]},{"@type":"WebSite","@id":"https:\/\/tuukkalantila.com\/#website","url":"https:\/\/tuukkalantila.com\/","name":"Tuukkalan tila, Mikkelin Ristiinassa","description":"aamiaismajoitusta Mikkelin Ristiinassa","publisher":{"@id":"https:\/\/tuukkalantila.com\/#organization"},"potentialAction":[{"@type":"SearchAction","target":{"@type":"EntryPoint","urlTemplate":"https:\/\/tuukkalantila.com\/?s={search_term_string}"},"query-input":{"@type":"PropertyValueSpecification","valueRequired":true,"valueName":"search_term_string"}}],"inLanguage":"de"},{"@type":"Organization","@id":"https:\/\/tuukkalantila.com\/#organization","name":"Tuukkalan tila","url":"https:\/\/tuukkalantila.com\/","logo":{"@type":"ImageObject","inLanguage":"de","@id":"https:\/\/tuukkalantila.com\/#\/schema\/logo\/image\/","url":"https:\/\/tuukkalantila.com\/wp-content\/uploads\/2019\/06\/tuukkalantila-logo2.png","contentUrl":"https:\/\/tuukkalantila.com\/wp-content\/uploads\/2019\/06\/tuukkalantila-logo2.png","width":220,"height":106,"caption":"Tuukkalan tila"},"image":{"@id":"https:\/\/tuukkalantila.com\/#\/schema\/logo\/image\/"},"sameAs":["https:\/\/www.facebook.com\/TuukkalanTila\/","https:\/\/www.instagram.com\/tuukkalantila\/"]}]}},"_links":{"self":[{"href":"https:\/\/tuukkalantila.com\/de\/wp-json\/wp\/v2\/pages\/994","targetHints":{"allow":["GET"]}}],"collection":[{"href":"https:\/\/tuukkalantila.com\/de\/wp-json\/wp\/v2\/pages"}],"about":[{"href":"https:\/\/tuukkalantila.com\/de\/wp-json\/wp\/v2\/types\/page"}],"author":[{"embeddable":true,"href":"https:\/\/tuukkalantila.com\/de\/wp-json\/wp\/v2\/users\/2"}],"replies":[{"embeddable":true,"href":"https:\/\/tuukkalantila.com\/de\/wp-json\/wp\/v2\/comments?post=994"}],"version-history":[{"count":70,"href":"https:\/\/tuukkalantila.com\/de\/wp-json\/wp\/v2\/pages\/994\/revisions"}],"predecessor-version":[{"id":113119,"href":"https:\/\/tuukkalantila.com\/de\/wp-json\/wp\/v2\/pages\/994\/revisions\/113119"}],"up":[{"embeddable":true,"href":"https:\/\/tuukkalantila.com\/de\/wp-json\/wp\/v2\/pages\/2680"}],"wp:featuredmedia":[{"embeddable":true,"href":"https:\/\/tuukkalantila.com\/de\/wp-json\/wp\/v2\/media\/2434"}],"wp:attachment":[{"href":"https:\/\/tuukkalantila.com\/de\/wp-json\/wp\/v2\/media?parent=994"}],"curies":[{"name":"wp","href":"https:\/\/api.w.org\/{rel}","templated":true}]}}