{"id":112357,"date":"2023-04-15T10:03:05","date_gmt":"2023-04-15T07:03:05","guid":{"rendered":"https:\/\/tuukkalantila.com\/?page_id=112357"},"modified":"2023-04-29T16:16:21","modified_gmt":"2023-04-29T13:16:21","slug":"barn-dance-at-metsalinna","status":"publish","type":"page","link":"https:\/\/tuukkalantila.com\/en\/barn-dance-at-metsalinna\/","title":{"rendered":"Barn dance at Mets\u00e4linna"},"content":{"rendered":"<h1><strong>Accommodation and barn dance at Mets\u00e4linna<\/strong><\/p>\n<h1 class=\"sc-etsZsV ddFvWq\"><\/h1>\n<\/h1>\n<div>\n<h2 class=\"sc-etsZsV ddFvWq\">B&amp;B accommodation at Tuukkala Farm and barn dance at Mets\u00e4linna Dance Pavilion near Mikkeli<\/h2>\n<\/div>\n<ul>\n<li>\n<div>\n<h3>This includes:<\/h3>\n<ul>\n<li>dance ticket for one or two persons<\/li>\n<li>accommodation in a granary or air-conditioned room<\/li>\n<li>country breakfast<\/li>\n<li>bicycles<\/li>\n<\/ul>\n<p><span>On summer Sundays your accommodation includes tickets to a barn dance at the famous Mets\u00e4linna Dance Pavilion 2.8 km away from the farm. Enjoy live music from some of Finland\u2019s top bands and artists and some Sundays there is also teaching available before the actual dance.<\/span><\/p>\n<p><span>Relax in the sunshine in our yard before the dance and get to know other dance goers. There is a BBQ available. Bike rental is included in the price so hop on your bike and leisurely cycle through the beautiful country landscapes. After dancing the night away you can cycle to the nearby beach and have a dip in the cooling waters of Lake Saimaa.<\/span><\/p>\n<p><span>In the morning you will be served a hearty breakfast made from fresh, local ingredients, most from our own farm. Sustainability is in the core of our business and we hold both Sustainable Travel Finland and Green Key certificates.<\/span><\/p>\n<\/div>\n<\/li>\n<li>\n<p>        <img decoding=\"async\" src=\"\/wp-content\/uploads\/2019\/06\/metsalinna-ristiina.jpg\" alt=\"\"><\/p>\n<\/li>\n<\/ul>\n<div>\n<h3><a href=\"https:\/\/www.metsalinna.com\/ohjelma\/\" target=\"_blank\" rel=\"noopener\">Program and performers<\/a><\/h3>\n<\/div>\n<p>\n    <a href=\"https:\/\/kaidankiho.johku.com\/en_US\/majoitus-ja-aktiviteetti\/dance-package-to-the-metsalinna\">Book<\/a>\n<\/p>\n<p><!--more--><br \/>\n<!-- {\"type\":\"layout\",\"children\":[{\"type\":\"section\",\"props\":{\"image\":\"wp-content\\\/uploads\\\/2022\\\/05\\\/tanssipaketti_tuukkalantila-scaled.jpg\",\"image_position\":\"center-center\",\"image_size\":\"cover\",\"padding\":\"xlarge\",\"padding_remove_bottom\":false,\"padding_remove_top\":false,\"style\":\"default\",\"text_color\":\"light\",\"title_breakpoint\":\"xl\",\"title_position\":\"top-left\",\"title_rotation\":\"left\",\"vertical_align\":\"middle\",\"width\":\"\"},\"children\":[{\"type\":\"row\",\"children\":[{\"type\":\"column\",\"props\":{\"image_position\":\"center-center\",\"media_overlay_gradient\":\"\",\"position_sticky_breakpoint\":\"m\",\"width_medium\":\"1-1\"},\"children\":[{\"type\":\"headline\",\"props\":{\"block_align\":\"center\",\"content\":\"<strong>Accommodation and barn dance at Mets\\u00e4linna<\\\/strong>\\n\n\n<h1 class=\\\"sc-etsZsV ddFvWq\\\"><\\\/h1>\",\"text_align\":\"center\",\"title_element\":\"h1\",\"title_style\":\"heading-large\"}}]}]}],\"name\":\"Sivun p\\u00e4\\u00e4kuva ja otsikko\"},{\"type\":\"section\",\"props\":{\"image_position\":\"center-center\",\"style\":\"default\",\"title_breakpoint\":\"xl\",\"title_position\":\"top-left\",\"title_rotation\":\"left\",\"vertical_align\":\"middle\",\"width\":\"default\"},\"children\":[{\"type\":\"row\",\"children\":[{\"type\":\"column\",\"props\":{\"image_position\":\"center-center\",\"media_overlay_gradient\":\"\",\"position_sticky_breakpoint\":\"m\"},\"children\":[{\"type\":\"text\",\"props\":{\"column_breakpoint\":\"m\",\"content\":\"\n\n<h2 class=\\\"sc-etsZsV ddFvWq\\\">B&amp;B accommodation at Tuukkala Farm and barn dance at Mets\\u00e4linna Dance Pavilion near Mikkeli<\\\/h2>\",\"margin\":\"default\"}}]}]}]},{\"type\":\"section\",\"props\":{\"image_position\":\"center-center\",\"style\":\"default\",\"title_breakpoint\":\"xl\",\"title_position\":\"top-left\",\"title_rotation\":\"left\",\"vertical_align\":\"middle\",\"width\":\"default\"},\"children\":[{\"type\":\"row\",\"children\":[{\"type\":\"column\",\"props\":{\"image_position\":\"center-center\",\"media_overlay_gradient\":\"\",\"position_sticky_breakpoint\":\"m\"},\"children\":[{\"type\":\"grid\",\"props\":{\"content_column_breakpoint\":\"m\",\"filter_align\":\"left\",\"filter_all\":true,\"filter_grid_breakpoint\":\"m\",\"filter_grid_width\":\"auto\",\"filter_position\":\"top\",\"filter_style\":\"tab\",\"grid_default\":\"1\",\"grid_medium\":\"2\",\"icon_width\":80,\"image_align\":\"top\",\"image_grid_breakpoint\":\"m\",\"image_grid_width\":\"1-2\",\"image_svg_color\":\"emphasis\",\"item_animation\":true,\"link_style\":\"default\",\"link_text\":\"Read more\",\"margin\":\"default\",\"meta_align\":\"below-title\",\"meta_element\":\"div\",\"meta_style\":\"text-meta\",\"show_content\":true,\"show_image\":true,\"show_link\":true,\"show_meta\":true,\"show_title\":true,\"title_align\":\"top\",\"title_element\":\"h3\",\"title_grid_breakpoint\":\"m\",\"title_grid_width\":\"1-2\",\"title_hover_style\":\"reset\"},\"children\":[{\"type\":\"grid_item\",\"props\":{\"content\":\"\n\n<h3>This includes:<\\\/h3>\\n\n\n<ul>\\n\n\n<li>dance ticket for one or two persons<\\\/li>\\n\n\n<li>accommodation in a granary or air-conditioned room<\\\/li>\\n\n\n<li>country breakfast<\\\/li>\\n\n\n<li>bicycles<\\\/li>\\n<\\\/ul>\\n\n\n<p><\\\/p>\\n\n\n<p><span>On summer Sundays your accommodation includes tickets to a barn dance at the famous Mets\\u00e4linna Dance Pavilion 2.8 km away from the farm. Enjoy live music from some of Finland\\u2019s top bands and artists and some Sundays there is also teaching available before the actual dance.<\\\/span><\\\/p>\\n\n\n<p><span>Relax in the sunshine in our yard before the dance and get to know other dance goers. There is a BBQ available. Bike rental is included in the price so hop on your bike and leisurely cycle through the beautiful country landscapes. After dancing the night away you can cycle to the nearby beach and have a dip in the cooling waters of Lake Saimaa.<\\\/span><\\\/p>\\n\n\n<p><span>In the morning you will be served a hearty breakfast made from fresh, local ingredients, most from our own farm. Sustainability is in the core of our business and we hold both Sustainable Travel Finland and Green Key certificates.<\\\/span><\\\/p>\"}},{\"type\":\"grid_item\",\"props\":{\"image\":\"wp-content\\\/uploads\\\/2019\\\/06\\\/metsalinna-ristiina.jpg\"}}]},{\"type\":\"text\",\"props\":{\"column_breakpoint\":\"m\",\"content\":\"\n\n<h3><a href=\\\"https:\\\/\\\/www.metsalinna.com\\\/ohjelma\\\/\\\" target=\\\"_blank\\\" rel=\\\"noopener\\\">Program and performers<\\\/a><\\\/h3>\",\"margin\":\"default\"}},{\"type\":\"button\",\"props\":{\"grid_column_gap\":\"small\",\"grid_row_gap\":\"small\",\"margin\":\"default\"},\"children\":[{\"type\":\"button_item\",\"props\":{\"button_style\":\"primary\",\"content\":\"Book\",\"icon_align\":\"left\",\"link\":\"https:\\\/\\\/kaidankiho.johku.com\\\/en_US\\\/majoitus-ja-aktiviteetti\\\/dance-package-to-the-metsalinna\"}}]}]}]}]}],\"version\":\"3.0.29\"} --><\/p>\n","protected":false},"excerpt":{"rendered":"<p>Accommodation and barn dance at Mets\u00e4linna B&amp;B accommodation at Tuukkala Farm and barn dance at Mets\u00e4linna Dance Pavilion near Mikkeli This includes: dance ticket for one or two persons accommodation in a granary or air-conditioned room country breakfast bicycles On summer Sundays your accommodation includes tickets to a barn dance at the famous Mets\u00e4linna Dance [&hellip;]<\/p>\n","protected":false},"author":4,"featured_media":0,"parent":0,"menu_order":0,"comment_status":"closed","ping_status":"closed","template":"","meta":{"footnotes":""},"class_list":["post-112357","page","type-page","status-publish","hentry"],"yoast_head":"<!-- This site is optimized with the Yoast SEO plugin v27.2 - https:\/\/yoast.com\/product\/yoast-seo-wordpress\/ -->\n<title>Barn dance at Mets\u00e4linna - Tuukkala Farm, Mikkeli, Finland<\/title>\n<meta name=\"robots\" content=\"index, follow, max-snippet:-1, max-image-preview:large, max-video-preview:-1\" \/>\n<link rel=\"canonical\" href=\"https:\/\/tuukkalantila.com\/en\/barn-dance-at-metsalinna\/\" \/>\n<meta property=\"og:locale\" content=\"en_US\" \/>\n<meta property=\"og:type\" content=\"article\" \/>\n<meta property=\"og:title\" content=\"Barn dance at Mets\u00e4linna - Tuukkala Farm, Mikkeli, Finland\" \/>\n<meta property=\"og:description\" content=\"Accommodation and barn dance at Mets\u00e4linna B&amp;B accommodation at Tuukkala Farm and barn dance at Mets\u00e4linna Dance Pavilion near Mikkeli This includes: dance ticket for one or two persons accommodation in a granary or air-conditioned room country breakfast bicycles On summer Sundays your accommodation includes tickets to a barn dance at the famous Mets\u00e4linna Dance [&hellip;]\" \/>\n<meta property=\"og:url\" content=\"https:\/\/tuukkalantila.com\/en\/barn-dance-at-metsalinna\/\" \/>\n<meta property=\"og:site_name\" content=\"Tuukkala Farm, Mikkeli, Finland\" \/>\n<meta property=\"article:publisher\" content=\"https:\/\/www.facebook.com\/TuukkalanTila\/\" \/>\n<meta property=\"article:modified_time\" content=\"2023-04-29T13:16:21+00:00\" \/>\n<meta name=\"twitter:card\" content=\"summary_large_image\" \/>\n<meta name=\"twitter:label1\" content=\"Est. reading time\" \/>\n\t<meta name=\"twitter:data1\" content=\"1 minute\" \/>\n<script type=\"application\/ld+json\" class=\"yoast-schema-graph\">{\"@context\":\"https:\/\/schema.org\",\"@graph\":[{\"@type\":\"WebPage\",\"@id\":\"https:\/\/tuukkalantila.com\/en\/barn-dance-at-metsalinna\/\",\"url\":\"https:\/\/tuukkalantila.com\/en\/barn-dance-at-metsalinna\/\",\"name\":\"Barn dance at Mets\u00e4linna - Tuukkala Farm, Mikkeli, Finland\",\"isPartOf\":{\"@id\":\"https:\/\/tuukkalantila.com\/#website\"},\"datePublished\":\"2023-04-15T07:03:05+00:00\",\"dateModified\":\"2023-04-29T13:16:21+00:00\",\"breadcrumb\":{\"@id\":\"https:\/\/tuukkalantila.com\/en\/barn-dance-at-metsalinna\/#breadcrumb\"},\"inLanguage\":\"en-US\",\"potentialAction\":[{\"@type\":\"ReadAction\",\"target\":[\"https:\/\/tuukkalantila.com\/en\/barn-dance-at-metsalinna\/\"]}]},{\"@type\":\"BreadcrumbList\",\"@id\":\"https:\/\/tuukkalantila.com\/en\/barn-dance-at-metsalinna\/#breadcrumb\",\"itemListElement\":[{\"@type\":\"ListItem\",\"position\":1,\"name\":\"Home\",\"item\":\"https:\/\/tuukkalantila.com\/\"},{\"@type\":\"ListItem\",\"position\":2,\"name\":\"Barn dance at Mets\u00e4linna\"}]},{\"@type\":\"WebSite\",\"@id\":\"https:\/\/tuukkalantila.com\/#website\",\"url\":\"https:\/\/tuukkalantila.com\/\",\"name\":\"Tuukkalan tila, Mikkelin Ristiinassa\",\"description\":\"aamiaismajoitusta Mikkelin Ristiinassa\",\"publisher\":{\"@id\":\"https:\/\/tuukkalantila.com\/#organization\"},\"potentialAction\":[{\"@type\":\"SearchAction\",\"target\":{\"@type\":\"EntryPoint\",\"urlTemplate\":\"https:\/\/tuukkalantila.com\/?s={search_term_string}\"},\"query-input\":{\"@type\":\"PropertyValueSpecification\",\"valueRequired\":true,\"valueName\":\"search_term_string\"}}],\"inLanguage\":\"en-US\"},{\"@type\":\"Organization\",\"@id\":\"https:\/\/tuukkalantila.com\/#organization\",\"name\":\"Tuukkalan tila\",\"url\":\"https:\/\/tuukkalantila.com\/\",\"logo\":{\"@type\":\"ImageObject\",\"inLanguage\":\"en-US\",\"@id\":\"https:\/\/tuukkalantila.com\/#\/schema\/logo\/image\/\",\"url\":\"https:\/\/tuukkalantila.com\/wp-content\/uploads\/2019\/06\/tuukkalantila-logo2.png\",\"contentUrl\":\"https:\/\/tuukkalantila.com\/wp-content\/uploads\/2019\/06\/tuukkalantila-logo2.png\",\"width\":220,\"height\":106,\"caption\":\"Tuukkalan tila\"},\"image\":{\"@id\":\"https:\/\/tuukkalantila.com\/#\/schema\/logo\/image\/\"},\"sameAs\":[\"https:\/\/www.facebook.com\/TuukkalanTila\/\",\"https:\/\/www.instagram.com\/tuukkalantila\/\"]}]}<\/script>\n<!-- \/ Yoast SEO plugin. -->","yoast_head_json":{"title":"Barn dance at Mets\u00e4linna - Tuukkala Farm, Mikkeli, Finland","robots":{"index":"index","follow":"follow","max-snippet":"max-snippet:-1","max-image-preview":"max-image-preview:large","max-video-preview":"max-video-preview:-1"},"canonical":"https:\/\/tuukkalantila.com\/en\/barn-dance-at-metsalinna\/","og_locale":"en_US","og_type":"article","og_title":"Barn dance at Mets\u00e4linna - Tuukkala Farm, Mikkeli, Finland","og_description":"Accommodation and barn dance at Mets\u00e4linna B&amp;B accommodation at Tuukkala Farm and barn dance at Mets\u00e4linna Dance Pavilion near Mikkeli This includes: dance ticket for one or two persons accommodation in a granary or air-conditioned room country breakfast bicycles On summer Sundays your accommodation includes tickets to a barn dance at the famous Mets\u00e4linna Dance [&hellip;]","og_url":"https:\/\/tuukkalantila.com\/en\/barn-dance-at-metsalinna\/","og_site_name":"Tuukkala Farm, Mikkeli, Finland","article_publisher":"https:\/\/www.facebook.com\/TuukkalanTila\/","article_modified_time":"2023-04-29T13:16:21+00:00","twitter_card":"summary_large_image","twitter_misc":{"Est. reading time":"1 minute"},"schema":{"@context":"https:\/\/schema.org","@graph":[{"@type":"WebPage","@id":"https:\/\/tuukkalantila.com\/en\/barn-dance-at-metsalinna\/","url":"https:\/\/tuukkalantila.com\/en\/barn-dance-at-metsalinna\/","name":"Barn dance at Mets\u00e4linna - Tuukkala Farm, Mikkeli, Finland","isPartOf":{"@id":"https:\/\/tuukkalantila.com\/#website"},"datePublished":"2023-04-15T07:03:05+00:00","dateModified":"2023-04-29T13:16:21+00:00","breadcrumb":{"@id":"https:\/\/tuukkalantila.com\/en\/barn-dance-at-metsalinna\/#breadcrumb"},"inLanguage":"en-US","potentialAction":[{"@type":"ReadAction","target":["https:\/\/tuukkalantila.com\/en\/barn-dance-at-metsalinna\/"]}]},{"@type":"BreadcrumbList","@id":"https:\/\/tuukkalantila.com\/en\/barn-dance-at-metsalinna\/#breadcrumb","itemListElement":[{"@type":"ListItem","position":1,"name":"Home","item":"https:\/\/tuukkalantila.com\/"},{"@type":"ListItem","position":2,"name":"Barn dance at Mets\u00e4linna"}]},{"@type":"WebSite","@id":"https:\/\/tuukkalantila.com\/#website","url":"https:\/\/tuukkalantila.com\/","name":"Tuukkalan tila, Mikkelin Ristiinassa","description":"aamiaismajoitusta Mikkelin Ristiinassa","publisher":{"@id":"https:\/\/tuukkalantila.com\/#organization"},"potentialAction":[{"@type":"SearchAction","target":{"@type":"EntryPoint","urlTemplate":"https:\/\/tuukkalantila.com\/?s={search_term_string}"},"query-input":{"@type":"PropertyValueSpecification","valueRequired":true,"valueName":"search_term_string"}}],"inLanguage":"en-US"},{"@type":"Organization","@id":"https:\/\/tuukkalantila.com\/#organization","name":"Tuukkalan tila","url":"https:\/\/tuukkalantila.com\/","logo":{"@type":"ImageObject","inLanguage":"en-US","@id":"https:\/\/tuukkalantila.com\/#\/schema\/logo\/image\/","url":"https:\/\/tuukkalantila.com\/wp-content\/uploads\/2019\/06\/tuukkalantila-logo2.png","contentUrl":"https:\/\/tuukkalantila.com\/wp-content\/uploads\/2019\/06\/tuukkalantila-logo2.png","width":220,"height":106,"caption":"Tuukkalan tila"},"image":{"@id":"https:\/\/tuukkalantila.com\/#\/schema\/logo\/image\/"},"sameAs":["https:\/\/www.facebook.com\/TuukkalanTila\/","https:\/\/www.instagram.com\/tuukkalantila\/"]}]}},"_links":{"self":[{"href":"https:\/\/tuukkalantila.com\/en\/wp-json\/wp\/v2\/pages\/112357","targetHints":{"allow":["GET"]}}],"collection":[{"href":"https:\/\/tuukkalantila.com\/en\/wp-json\/wp\/v2\/pages"}],"about":[{"href":"https:\/\/tuukkalantila.com\/en\/wp-json\/wp\/v2\/types\/page"}],"author":[{"embeddable":true,"href":"https:\/\/tuukkalantila.com\/en\/wp-json\/wp\/v2\/users\/4"}],"replies":[{"embeddable":true,"href":"https:\/\/tuukkalantila.com\/en\/wp-json\/wp\/v2\/comments?post=112357"}],"version-history":[{"count":48,"href":"https:\/\/tuukkalantila.com\/en\/wp-json\/wp\/v2\/pages\/112357\/revisions"}],"predecessor-version":[{"id":112557,"href":"https:\/\/tuukkalantila.com\/en\/wp-json\/wp\/v2\/pages\/112357\/revisions\/112557"}],"wp:attachment":[{"href":"https:\/\/tuukkalantila.com\/en\/wp-json\/wp\/v2\/media?parent=112357"}],"curies":[{"name":"wp","href":"https:\/\/api.w.org\/{rel}","templated":true}]}}